{"id":3830,"date":"2024-10-29T14:38:59","date_gmt":"2024-10-29T13:38:59","guid":{"rendered":"https:\/\/drawmybusiness.de\/?page_id=3830"},"modified":"2025-09-16T11:28:02","modified_gmt":"2025-09-16T09:28:02","slug":"100-malerinnen-vom-mittelalter-bis-zur-moderne","status":"publish","type":"page","link":"https:\/\/drawmybusiness.de\/en\/100-malerinnen-vom-mittelalter-bis-zur-moderne\/","title":{"rendered":"100 Malerinnen vom Mittelalter bis zur Moderne"},"content":{"rendered":"\n\t<div class=\"img has-hover x md-x lg-x y md-y lg-y\" id=\"image_2120717004\">\n\t\t<a class=\"\" href=\"https:\/\/www.youtube.com\/@drawmybusiness\" target=\"_blank\" rel=\"noopener noreferrer\">\t\t\t\t\t\t<div class=\"img-inner dark\" >\n\t\t\t<img loading=\"lazy\" decoding=\"async\" width=\"1020\" height=\"306\" src=\"https:\/\/drawmybusiness.de\/wp-content\/uploads\/2024\/10\/100-1024x307.png\" class=\"attachment-large size-large\" alt=\"\" srcset=\"https:\/\/drawmybusiness.de\/wp-content\/uploads\/2024\/10\/100-1024x307.png 1024w, https:\/\/drawmybusiness.de\/wp-content\/uploads\/2024\/10\/100-300x90.png 300w, https:\/\/drawmybusiness.de\/wp-content\/uploads\/2024\/10\/100-768x230.png 768w, https:\/\/drawmybusiness.de\/wp-content\/uploads\/2024\/10\/100-1536x461.png 1536w, https:\/\/drawmybusiness.de\/wp-content\/uploads\/2024\/10\/100-18x5.png 18w, https:\/\/drawmybusiness.de\/wp-content\/uploads\/2024\/10\/100-600x180.png 600w, https:\/\/drawmybusiness.de\/wp-content\/uploads\/2024\/10\/100.png 2000w\" sizes=\"auto, (max-width: 1020px) 100vw, 1020px\" \/>\t\t\t\t\t\t\n\t\t\t\t\t<\/div>\n\t\t\t\t\t\t<\/a>\t\t\n<style>\n#image_2120717004 {\n  width: 100%;\n}\n<\/style>\n\t<\/div>\n\t\n\n<div class=\"row\"  id=\"row-1171099701\">\n\n\n\t<div id=\"col-875497220\" class=\"col medium-6 small-12 large-6\"  >\n\t\t<div class=\"col-inner\"  >\n\t\t\t\n\t\t\t\n\n<div id=\"ez-toc-container\" class=\"ez-toc-v2_0_72 counter-hierarchy ez-toc-counter ez-toc-grey ez-toc-container-direction\">\n<div class=\"ez-toc-title-container\">\n<p class=\"ez-toc-title\" style=\"cursor:inherit\">Inhalt<\/p>\n<span class=\"ez-toc-title-toggle\"><a href=\"#\" class=\"ez-toc-pull-right ez-toc-btn ez-toc-btn-xs ez-toc-btn-default ez-toc-toggle\" aria-label=\"Toggle Table of Content\"><span class=\"ez-toc-js-icon-con\"><span class=\"\"><span class=\"eztoc-hide\" style=\"display:none;\">Toggle<\/span><span class=\"ez-toc-icon-toggle-span\"><svg style=\"fill: #999;color:#999\" xmlns=\"http:\/\/www.w3.org\/2000\/svg\" class=\"list-377408\" width=\"20px\" height=\"20px\" viewBox=\"0 0 24 24\" fill=\"none\"><path d=\"M6 6H4v2h2V6zm14 0H8v2h12V6zM4 11h2v2H4v-2zm16 0H8v2h12v-2zM4 16h2v2H4v-2zm16 0H8v2h12v-2z\" fill=\"currentColor\"><\/path><\/svg><svg style=\"fill: #999;color:#999\" class=\"arrow-unsorted-368013\" xmlns=\"http:\/\/www.w3.org\/2000\/svg\" width=\"10px\" height=\"10px\" viewBox=\"0 0 24 24\" version=\"1.2\" baseProfile=\"tiny\"><path d=\"M18.2 9.3l-6.2-6.3-6.2 6.3c-.2.2-.3.4-.3.7s.1.5.3.7c.2.2.4.3.7.3h11c.3 0 .5-.1.7-.3.2-.2.3-.5.3-.7s-.1-.5-.3-.7zM5.8 14.7l6.2 6.3 6.2-6.3c.2-.2.3-.5.3-.7s-.1-.5-.3-.7c-.2-.2-.4-.3-.7-.3h-11c-.3 0-.5.1-.7.3-.2.2-.3.5-.3.7s.1.5.3.7z\"\/><\/svg><\/span><\/span><\/span><\/a><\/span><\/div>\n<nav><ul class='ez-toc-list ez-toc-list-level-1 ' ><li class='ez-toc-page-1 ez-toc-heading-level-2'><a class=\"ez-toc-link ez-toc-heading-1\" href=\"https:\/\/drawmybusiness.de\/en\/100-malerinnen-vom-mittelalter-bis-zur-moderne\/#Worum_geht_es_in_dem_Projekt\" title=\"Worum geht es in dem Projekt?\">Worum geht es in dem Projekt?<\/a><\/li><li class='ez-toc-page-1 ez-toc-heading-level-2'><a class=\"ez-toc-link ez-toc-heading-2\" href=\"https:\/\/drawmybusiness.de\/en\/100-malerinnen-vom-mittelalter-bis-zur-moderne\/#Unsere_Umsetzungsliste_fur_die_Videoproduktion\" title=\"Unsere Umsetzungsliste f\u00fcr die Videoproduktion\">Unsere Umsetzungsliste f\u00fcr die Videoproduktion<\/a><\/li><li class='ez-toc-page-1 ez-toc-heading-level-2'><a class=\"ez-toc-link ez-toc-heading-3\" href=\"https:\/\/drawmybusiness.de\/en\/100-malerinnen-vom-mittelalter-bis-zur-moderne\/#Beispielvideo\" title=\"Beispielvideo\">Beispielvideo<\/a><\/li><li class='ez-toc-page-1 ez-toc-heading-level-2'><a class=\"ez-toc-link ez-toc-heading-4\" href=\"https:\/\/drawmybusiness.de\/en\/100-malerinnen-vom-mittelalter-bis-zur-moderne\/#Kostenlose_Nutzung_unserer_YouTube-Videos\" title=\"Kostenlose Nutzung unserer YouTube-Videos!\">Kostenlose Nutzung unserer YouTube-Videos!<\/a><\/li><li class='ez-toc-page-1 ez-toc-heading-level-2'><a class=\"ez-toc-link ez-toc-heading-5\" href=\"https:\/\/drawmybusiness.de\/en\/100-malerinnen-vom-mittelalter-bis-zur-moderne\/#Personalisierte_Videos_kaufen\" title=\"Personalisierte Videos kaufen!\">Personalisierte Videos kaufen!<\/a><\/li><li class='ez-toc-page-1 ez-toc-heading-level-2'><a class=\"ez-toc-link ez-toc-heading-6\" href=\"https:\/\/drawmybusiness.de\/en\/100-malerinnen-vom-mittelalter-bis-zur-moderne\/#Merken_Sie_sich_unsere_Pilot-_Wanderausstellung_vor\" title=\"Merken Sie sich unsere Pilot- &amp; Wanderausstellung vor!\">Merken Sie sich unsere Pilot- &amp; Wanderausstellung vor!<\/a><\/li><\/ul><\/nav><\/div>\n\n\n\t\t<\/div>\n\t\t\t<\/div>\n\n\t\n\n\t<div id=\"col-1287579698\" class=\"col hide-for-medium medium-6 small-12 large-6\"  >\n\t\t<div class=\"col-inner\"  >\n\t\t\t\n\t\t\t\n\n\t<div id=\"text-3205223703\" class=\"text hide-for-small\">\n\t\t\n\n<p style=\"text-align: right;\"><em>Lesezeit: 2 Minuten<\/em><\/p>\n\t\t\t<\/div>\n\t\n\n\t\t<\/div>\n\t\t\t<\/div>\n\n\t\n\n\t<div id=\"col-2082543034\" class=\"col show-for-small medium-6 small-12 large-6\"  >\n\t\t<div class=\"col-inner\"  >\n\t\t\t\n\t\t\t\n\n\t<div id=\"text-721683529\" class=\"text show-for-medium\">\n\t\t\n\n<p style=\"text-align: left;\"><em>Lesezeit: 5 Minuten<\/em><\/p>\n\t\t\n<style>\n#text-721683529 {\n  text-align: left;\n}\n<\/style>\n\t<\/div>\n\t\n\n\t\t<\/div>\n\t\t\t<\/div>\n\n\t\n\n<\/div>\n<h1 id=\"google\">100 Malerinnen vom Mittelalter bis zur Moderne<\/h1>\n<div class=\"flex flex-grow flex-col max-w-full\">\n<div class=\"min-h-[20px] text-message flex flex-col items-start gap-3 whitespace-pre-wrap break-words [.text-message+&amp;]:mt-5 overflow-x-auto\" dir=\"auto\" data-message-author-role=\"assistant\" data-message-id=\"9bd8180e-f6ad-413f-86e7-23c33aef3278\">\n<div class=\"markdown prose w-full break-words dark:prose-invert light\">\n<p>Die Digitalisierung hat die Art und Weise, wie wir Kunst konsumieren, erstellen und wahrnehmen grunds\u00e4tzlich ver\u00e4ndert. Zwischen KI, digitaler Poesie und virtueller Realit\u00e4t entstehen immer mehr neue Kunstformen. Doch wie kann man die Vorteile der Digitalisierung f\u00fcr die klassische Kunst nutzen? Genau diese Frage haben wir uns gestellt und so das Projekt \u201e100 Malerinnen vom Mittelalter bis zur Moderne\u201c gestartet, welches die F\u00f6rderung \u201eInnovative Frauen im Fokus\u201c des Bundesministeriums f\u00fcr Forschung, Technologie und Raumfahrt gewonnen hat.<\/p>\n<\/div>\n<\/div>\n<\/div>\n<h2><span class=\"ez-toc-section\" id=\"Worum_geht_es_in_dem_Projekt\"><\/span>Worum geht es in dem Projekt?<span class=\"ez-toc-section-end\"><\/span><\/h2>\n<p>Egal ob Maria Sibylla Merian, Catharina Treu oder Amalia Pachelbel. All diese einzigartigen K\u00fcnstlerinnen sind in Vergessenheit geraten und bekommen nicht genug Aufmerksamkeit f\u00fcr ihre Werke. \u00dcber Jahrhunderte hinweg wurden Frauen in der Kunstszene unterdr\u00fcckt und hatten begrenzte M\u00f6glichkeiten ihre Kunst zu pr\u00e4sentieren. Sie bekamen meistens nur geringe Anerkennung f\u00fcr Ihre Arbeit.<\/p>\n<p>Das Projekt zielt darauf ab, die Bekanntheit von 100 Malerinnen aus dem deutschsprachigen Raum zu steigern. Es werden nicht nur die Kunstwerke der K\u00fcnstlerinnen vorgestellt, sondern auch deren Lebenswege dokumentiert. F\u00fcr jede Malerin wird ein Kurzportr\u00e4t-Video produziert und eine deutsche Version auf unserem <a href=\"https:\/\/www.youtube.com\/@drawmybusiness\" target=\"_blank\" rel=\"noopener\">Unternehmens-YouTube-Kanal<\/a> und eine englische Version mit 37 Sprachen Untertitel auf dem <a href=\"https:\/\/www.youtube.com\/@GreatArtistsExplainedbyAnabel\" target=\"_blank\" rel=\"noopener\">YouTube-Kanal Great Artist Explained by Anabel<\/a> ver\u00f6ffentlicht. Schauen Sie doch einmal vorbei!<\/p>\n<div class=\"row\"  id=\"row-1974888057\">\n\n\n\t<div id=\"col-1628909456\" class=\"col medium-8 small-12 large-8\"  >\n\t\t<div class=\"col-inner\"  >\n\t\t\t\n\t\t\t\n\n<p><span data-slate-fragment=\"JTVCJTdCJTIydHlwZSUyMiUzQSUyMnBhcmFncmFwaCUyMiUyQyUyMmNoaWxkcmVuJTIyJTNBJTVCJTdCJTIyYm9sZCUyMiUzQWZhbHNlJTJDJTIydW5kZXJsaW5lJTIyJTNBZmFsc2UlMkMlMjJpdGFsaWMlMjIlM0FmYWxzZSUyQyUyMmNvbG9yJTIyJTNBJTIyJTIzRkZGRkZGJTIyJTJDJTIydGV4dCUyMiUzQSUyMkRhcyUyMGRpZXNlbSUyMFZpZGVvJTIwenVncnVuZGUlMjBsaWVnZW5kZSUyMFZvcmhhYmVuJTIwd3VyZGUlMjBtaXQlMjBNaXR0ZWxuJTIwZGVzJTIwQnVuZGVzbWluaXN0ZXJpdW1zJTIwZiVDMyVCQ3IlMjBCaWxkdW5nJTIwdW5kJTIwRm9yc2NodW5nJTIwdW50ZXIlMjBkZW0lMjBGJUMzJUI2cmRlcmtlbm56ZWljaGVuJTIwMDFGUDI0MDUwJTIwZ2VmJUMzJUI2cmRlcnQuJTIwRGllJTIwVmVyYW50d29ydHVuZyUyMGYlQzMlQkNyJTIwZGVuJTIwSW5oYWx0JTIwZGllc2VyJTIwVmVyJUMzJUI2ZmZlbnRsaWNodW5nJTIwbGllZ3QlMjBiZWklMjBkZXIlMjBEcmF3JTIwbXklMjBCdXNpbmVzcyUyMEdtYkglMjAod3d3LmRyYXdteWJ1c2luZXNzLmRlKS4lMjIlN0QlNUQlN0QlNUQ=\">Das diesem Projekt zugrunde liegende Vorhaben wurde mit Mitteln des <a href=\"https:\/\/www.bmbf.de\/bmbf\/de\/home\/home_node.html\" target=\"_blank\" rel=\"noopener\">Bundesministerium f\u00fcr Forschung, Technologie und Raumfahrt<\/a> unter dem F\u00f6rderkennzeichen 01FP24050 gef\u00f6rdert. Die Verantwortung f\u00fcr den Inhalt dieser Ver\u00f6ffentlichung liegt bei der Draw my Business GmbH.<\/span><\/p>\n\n\t\t<\/div>\n\t\t\t<\/div>\n\n\t\n\n\t<div id=\"col-742531778\" class=\"col hide-for-medium medium-4 small-12 large-4\"  >\n\t\t<div class=\"col-inner\"  >\n\t\t\t\n\t\t\t\n\n\t<div class=\"img has-hover x md-x lg-x y md-y lg-y\" id=\"image_1439634110\">\n\t\t\t\t\t\t\t\t<div class=\"img-inner dark\" >\n\t\t\t<img loading=\"lazy\" decoding=\"async\" width=\"944\" height=\"628\" src=\"https:\/\/drawmybusiness.de\/wp-content\/uploads\/2025\/09\/Bildschirmfoto-2025-09-16-um-11.26.11.png\" class=\"attachment-large size-large\" alt=\"\" srcset=\"https:\/\/drawmybusiness.de\/wp-content\/uploads\/2025\/09\/Bildschirmfoto-2025-09-16-um-11.26.11.png 944w, https:\/\/drawmybusiness.de\/wp-content\/uploads\/2025\/09\/Bildschirmfoto-2025-09-16-um-11.26.11-300x200.png 300w, https:\/\/drawmybusiness.de\/wp-content\/uploads\/2025\/09\/Bildschirmfoto-2025-09-16-um-11.26.11-768x511.png 768w, https:\/\/drawmybusiness.de\/wp-content\/uploads\/2025\/09\/Bildschirmfoto-2025-09-16-um-11.26.11-18x12.png 18w, https:\/\/drawmybusiness.de\/wp-content\/uploads\/2025\/09\/Bildschirmfoto-2025-09-16-um-11.26.11-600x399.png 600w\" sizes=\"auto, (max-width: 944px) 100vw, 944px\" \/>\t\t\t\t\t\t\n\t\t\t\t\t<\/div>\n\t\t\t\t\t\t\t\t\n<style>\n#image_1439634110 {\n  width: 67%;\n}\n<\/style>\n\t<\/div>\n\t\n\n\n\t\t<\/div>\n\t\t\t<\/div>\n\n\t\n\n\t<div id=\"col-1974368563\" class=\"col show-for-small medium-6 small-12 large-6\"  >\n\t\t<div class=\"col-inner\"  >\n\t\t\t\n\t\t\t\n\n\t<div id=\"text-3673430960\" class=\"text show-for-medium\">\n\t\t\n\n<p style=\"text-align: left;\"><em>Lesezeit: 5 Minuten<\/em><\/p>\n\t\t\n<style>\n#text-3673430960 {\n  text-align: left;\n}\n<\/style>\n\t<\/div>\n\t\n\n\t\t<\/div>\n\t\t\t<\/div>\n\n\t\n\n<\/div>\n<div class=\"row\"  id=\"row-1884465359\">\n\n\n\t<div id=\"col-423299081\" class=\"col small-12 large-12\"  >\n\t\t<div class=\"col-inner\"  >\n\t\t\t\n\t\t\t\n\n<h2><span class=\"ez-toc-section\" id=\"Unsere_Umsetzungsliste_fur_die_Videoproduktion\"><\/span>Unsere Umsetzungsliste f\u00fcr die Videoproduktion<span class=\"ez-toc-section-end\"><\/span><\/h2>\n<p>(Stand 13.12.2024]\n<p>Hier k\u00f6nnen Sie unsere aktuelle Umsetzungsliste f\u00fcr die Videoproduktion einsehen. Aktuell haben wir \u00fcber 180 Malerinnen identifiziert, da wir im Rahmen des Projekts nur 100 Videos produzieren, m\u00fcssen wir diese priorisieren.<\/p>\n<p>Melden Sie sich gerne, wenn eine Malerin auf unserer Umsetzungsliste fehlt oder wenn Sie gerne eine Malerin priorisieren m\u00f6chten. Wir setzen dann gerne ihr Malerin in einem Video im Rahmen des Projekts um.<\/p>\n<a rel=\"noopener noreferrer\" href=\"https:\/\/drawmybusiness.de\/wp-content\/uploads\/2024\/12\/Umsetzungsliste_Malerinnen_Neu_2024_2024_12.pdf\" target=\"_blank\" class=\"button secondary\" style=\"border-radius:10px;\">\n    <span>Download Umsetzungsliste Malerinnenvideos<\/span>\n  <\/a>\n\n\n\n\t\t<\/div>\n\t\t\t<\/div>\n\n\t\n\n<\/div>\n<div class=\"row\"  id=\"row-253495995\">\n\n\n\t<div id=\"col-160111952\" class=\"col small-12 large-12\"  >\n\t\t<div class=\"col-inner\"  >\n\t\t\t\n\t\t\t\n\n<h2><span class=\"ez-toc-section\" id=\"Beispielvideo\"><\/span>Beispielvideo<span class=\"ez-toc-section-end\"><\/span><\/h2>\n<div class=\"video video-fit mb\" style=\"padding-top:56.25%;\"><p><iframe loading=\"lazy\" title=\"LUISE HOLLANDINE VON DER PFALZ - Die skandal\u00f6se Prinzessin und ihre Kunst \ud83c\udfa8\ud83d\udc51\" width=\"1020\" height=\"574\" src=\"https:\/\/www.youtube.com\/embed\/vD4d8P9fiLg?feature=oembed\" frameborder=\"0\" allow=\"accelerometer; autoplay; clipboard-write; encrypted-media; gyroscope; picture-in-picture; web-share\" referrerpolicy=\"strict-origin-when-cross-origin\" allowfullscreen><\/iframe><\/p>\n<\/div>\n\n\n\t\t<\/div>\n\t\t\t<\/div>\n\n\t\n\n<\/div>\n<div class=\"row\"  id=\"row-1495535845\">\n\n\n\t<div id=\"col-805914869\" class=\"col small-12 large-12\"  >\n\t\t<div class=\"col-inner\"  >\n\t\t\t\n\t\t\t\n\n<h2><span class=\"ez-toc-section\" id=\"Kostenlose_Nutzung_unserer_YouTube-Videos\"><\/span>Kostenlose Nutzung unserer YouTube-Videos!<span class=\"ez-toc-section-end\"><\/span><\/h2>\n<p>Verlinken Sie kostenlos unsere Videos \u00fcber YouTube und geben Sie Ihren Besuchern die Chance, mehr \u00fcber die Malerinnen zu erfahren!<\/p>\n<a rel=\"noopener noreferrer\" href=\"https:\/\/www.youtube.com\/@drawmybusiness\" target=\"_blank\" class=\"button secondary is-shade\" style=\"border-radius:10px;\">\n    <span>Kostenlose YouTUbe-Videos<\/span>\n  <\/a>\n\n\n\n\t\t<\/div>\n\t\t\t<\/div>\n\n\t\n\n\t<div id=\"col-892972948\" class=\"col small-12 large-12\"  >\n\t\t<div class=\"col-inner\"  >\n\t\t\t\n\t\t\t\n\n<h2><span class=\"ez-toc-section\" id=\"Personalisierte_Videos_kaufen\"><\/span>Personalisierte Videos kaufen!<span class=\"ez-toc-section-end\"><\/span><\/h2>\n<p>Erhalten Sie unsere Videos werbefrei und nach Ihren W\u00fcnschen gestaltet f\u00fcr nur 99 \u20ac in unserem Bildungsshop!<\/p>\n<a rel=\"noopener noreferrer\" href=\"https:\/\/drawmybusiness.shop\/produkt-kategorie\/kunst-kultur\/\" target=\"_blank\" class=\"button secondary is-shade\" style=\"border-radius:10px;\">\n    <span>Personalisiertes Video kaufen<\/span>\n  <\/a>\n\n\n\n\t\t<\/div>\n\t\t\t<\/div>\n\n\t\n\n<\/div>\n<div class=\"row\"  id=\"row-95092986\">\n\n\n\t<div id=\"col-2071156068\" class=\"col small-12 large-12\"  >\n\t\t<div class=\"col-inner\"  >\n\t\t\t\n\t\t\t\n\n<h2><span class=\"ez-toc-section\" id=\"Merken_Sie_sich_unsere_Pilot-_Wanderausstellung_vor\"><\/span>Merken Sie sich unsere Pilot- &amp; Wanderausstellung vor!<span class=\"ez-toc-section-end\"><\/span><\/h2>\n<p>Der H\u00f6hepunkt des Projekts wird eine Pilotausstellung, die Ende 2026 stattfinden wird, sein. Alle 100 Malerinnen werden mithilfe von Infotafeln und den abrufbaren Videos vorgestellt. Zus\u00e4tzlich hierzu ist ein einzigartiges immersives Erlebnis geplant. Nach der Er\u00f6ffnung kann die Ausstellung von Museen sowie Kunst- oder anderen Ausstellungsr\u00e4umen angemietet werden.<\/p>\n<p>Sie wollen mehr erfahren? Kontaktieren Sie uns gerne unter <a href=\"mailto:Info@draw-my-business.de\">Info@draw-my-business.de<\/a> oder besuchen Sie unsere Social Media Kan\u00e4le:<\/p>\n<p>\u00a0<\/p>\n<div class=\"social-icons follow-icons\" ><a href=\"https:\/\/www.instagram.com\/malerinnen.entdecken\/\" target=\"_blank\" rel=\"noopener noreferrer nofollow\" data-label=\"Instagram\" class=\"icon button circle is-outline  instagram tooltip\" title=\"Follow on Instagram\"><i class=\"icon-instagram\" ><\/i><\/a><a href=\"https:\/\/www.linkedin.com\/in\/anabel-derlam-2603ab7a\/?originalSubdomain=de\" target=\"_blank\" rel=\"noopener noreferrer nofollow\" data-label=\"LinkedIn\" class=\"icon button circle is-outline  linkedin tooltip\" title=\"Follow on LinkedIn\"><i class=\"icon-linkedin\" ><\/i><\/a><a href=\"https:\/\/www.youtube.com\/@drawmybusiness\" target=\"_blank\" rel=\"noopener noreferrer nofollow\" data-label=\"YouTube\" class=\"icon button circle is-outline  youtube tooltip\" title=\"Follow on YouTube\"><i class=\"icon-youtube\" ><\/i><\/a><\/div>\n\n<\/p>\n\n\t\t<\/div>\n\t\t\t<\/div>\n\n\t\n\n<\/div>\n\n","protected":false},"excerpt":{"rendered":"","protected":false},"author":6,"featured_media":0,"parent":0,"menu_order":0,"comment_status":"closed","ping_status":"closed","template":"","meta":{"jetpack_post_was_ever_published":true,"two_page_speed":[],"footnotes":""},"class_list":["post-3830","page","type-page","status-publish","hentry"],"jetpack_sharing_enabled":true,"jetpack_shortlink":"https:\/\/wp.me\/PaKa6d-ZM","_links":{"self":[{"href":"https:\/\/drawmybusiness.de\/en\/wp-json\/wp\/v2\/pages\/3830","targetHints":{"allow":["GET"]}}],"collection":[{"href":"https:\/\/drawmybusiness.de\/en\/wp-json\/wp\/v2\/pages"}],"about":[{"href":"https:\/\/drawmybusiness.de\/en\/wp-json\/wp\/v2\/types\/page"}],"author":[{"embeddable":true,"href":"https:\/\/drawmybusiness.de\/en\/wp-json\/wp\/v2\/users\/6"}],"replies":[{"embeddable":true,"href":"https:\/\/drawmybusiness.de\/en\/wp-json\/wp\/v2\/comments?post=3830"}],"version-history":[{"count":153,"href":"https:\/\/drawmybusiness.de\/en\/wp-json\/wp\/v2\/pages\/3830\/revisions"}],"predecessor-version":[{"id":4004,"href":"https:\/\/drawmybusiness.de\/en\/wp-json\/wp\/v2\/pages\/3830\/revisions\/4004"}],"wp:attachment":[{"href":"https:\/\/drawmybusiness.de\/en\/wp-json\/wp\/v2\/media?parent=3830"}],"curies":[{"name":"wp","href":"https:\/\/api.w.org\/{rel}","templated":true}]}}