{"id":359,"date":"2017-12-21T14:46:38","date_gmt":"2017-12-21T13:46:38","guid":{"rendered":"http:\/\/drawmybusiness.de\/?page_id=359"},"modified":"2024-02-09T08:31:51","modified_gmt":"2024-02-09T07:31:51","slug":"seite-unternehmen-seminarangebot","status":"publish","type":"page","link":"https:\/\/drawmybusiness.de\/en\/seite-unternehmen-seminarangebot\/","title":{"rendered":"Unternehmen: Seminarangebot"},"content":{"rendered":"<div class=\"row\"  id=\"row-1856009031\">\n\n\n\t<div id=\"col-1664149162\" class=\"col medium-8 small-12 large-8\"  >\n\t\t<div class=\"col-inner\"  >\n\t\t\t\n\t\t\t\n\n<h3>Workshops f\u00fcr Unternehmen<\/h3>\n<p>\n<p>M\u00f6chten Sie eine intensivere Ausbildung in Ihrem Unternehmen durchf\u00fchren oder das Wissen nach Videokursen vertiefen, f\u00fchren wir gerne mit Ihnen und Ihren Mitarbeiter bei Ihnen vor Ort oder in unseren Seminarr\u00e4umen fachspezifische Seminare und Workshops durch. Dabei erarbeiten wir individuelle Weiterbildungsprogramme, die auf Ihr Unternehmen und Ihre Anforderungen zugeschnitten sind.<\/p>\n\n\t\t<\/div>\n\t\t\t<\/div>\n\n\t\n\n\t<div id=\"col-2020469579\" class=\"col medium-4 small-12 large-4\"  >\n\t\t<div class=\"col-inner box-shadow-5 box-shadow-4-hover\"  >\n\t\t\t\n\t\t\t\n\n<h4 style=\"text-align: center;\">Unser Kundenfavorit<\/h4>\n\t<div class=\"box has-hover   has-hover box-text-bottom\" >\n\n\t\t<div class=\"box-image\" >\n\t\t\t<a href=\"https:\/\/drawmybusiness.de\/wp-content\/uploads\/2019\/02\/U105WS_Lernvideo-Workshop.pdf\" target=\"_blank\" rel=\"noopener noreferrer\" >\t\t\t<div class=\"\" >\n\t\t\t\t<img loading=\"lazy\" decoding=\"async\" width=\"800\" height=\"467\" src=\"https:\/\/drawmybusiness.de\/wp-content\/uploads\/2019\/10\/Video-kategorie.jpg\" class=\"attachment- size-\" alt=\"\" srcset=\"https:\/\/drawmybusiness.de\/wp-content\/uploads\/2019\/10\/Video-kategorie.jpg 800w, https:\/\/drawmybusiness.de\/wp-content\/uploads\/2019\/10\/Video-kategorie-300x175.jpg 300w, https:\/\/drawmybusiness.de\/wp-content\/uploads\/2019\/10\/Video-kategorie-768x448.jpg 768w\" sizes=\"auto, (max-width: 800px) 100vw, 800px\" \/>\t\t\t\t\t\t\t\t\t\t\t<\/div>\n\t\t\t<\/a>\t\t<\/div>\n\n\t\t<div class=\"box-text text-center\" style=\"background-color:rgb(255, 255, 255);\">\n\t\t\t<div class=\"box-text-inner\">\n\t\t\t\t\n\n\t<div id=\"text-466272125\" class=\"text\">\n\t\t\n\n<p>Praxisworkshop:<\/p>\n<h3 style=\"text-align: center;\">&#8222;Erkl\u00e4rvideos selbst erstellen&#8220;<\/h3>\n<p style=\"text-align: center;\">Dauer: ca. 7 Std. | Preis: 3.500,- \u20ac<\/p>\n<p style=\"text-align: center;\">Anzahl Teilnehmer: max. 20<\/p>\n\t\t\n<style>\n#text-466272125 {\n  color: rgb(0, 0, 0);\n}\n#text-466272125 > * {\n  color: rgb(0, 0, 0);\n}\n<\/style>\n\t<\/div>\n\t\n<a rel=\"noopener noreferrer\" href=\"https:\/\/drawmybusiness.de\/wp-content\/uploads\/2019\/02\/U105WS_Lernvideo-Workshop.pdf\" target=\"_blank\" class=\"button secondary box-shadow-3\"  >\n    <span>Details<\/span>\n  <\/a>\n\n\n\n\t\t\t<\/div>\n\t\t<\/div>\n\t<\/div>\n\t\n\n\t\t<\/div>\n\t\t\t<\/div>\n\n\t\n\n<\/div>\n<h3>St\u00f6bern Sie in unseren Workshopkategorien:<\/h3>\n\t<section class=\"section\" id=\"section_1126447456\">\n\t\t<div class=\"bg section-bg fill bg-fill  bg-loaded\" >\n\n\t\t\t\n\t\t\t\n\t\t\t\n\n\t\t<\/div>\n\n\t\t<div class=\"section-content relative\">\n\t\t\t\n\n<div class=\"row row-dashed\"  id=\"row-971712911\">\n\n\n\t<div id=\"col-1853546561\" class=\"col medium-3 small-12 large-3\"  >\n\t\t<div class=\"col-inner box-shadow-5 box-shadow-4-hover\" style=\"background-color:rgb(255, 255, 255);\" >\n\t\t\t\n\t\t\t\n\n\t<div class=\"box has-hover   has-hover box-text-bottom\" >\n\n\t\t<div class=\"box-image\" >\n\t\t\t<a href=\"https:\/\/drawmybusiness.de\/en\/unternehmen-erklaervideos\/\"  >\t\t\t<div class=\"\" >\n\t\t\t\t<img loading=\"lazy\" decoding=\"async\" width=\"800\" height=\"467\" src=\"https:\/\/drawmybusiness.de\/wp-content\/uploads\/2019\/10\/Video-kategorie.jpg\" class=\"attachment- size-\" alt=\"\" srcset=\"https:\/\/drawmybusiness.de\/wp-content\/uploads\/2019\/10\/Video-kategorie.jpg 800w, https:\/\/drawmybusiness.de\/wp-content\/uploads\/2019\/10\/Video-kategorie-300x175.jpg 300w, https:\/\/drawmybusiness.de\/wp-content\/uploads\/2019\/10\/Video-kategorie-768x448.jpg 768w\" sizes=\"auto, (max-width: 800px) 100vw, 800px\" \/>\t\t\t\t\t\t\t\t\t\t\t<\/div>\n\t\t\t<\/a>\t\t<\/div>\n\n\t\t<div class=\"box-text text-center\" >\n\t\t\t<div class=\"box-text-inner\">\n\t\t\t\t\n\n\t<div id=\"text-4082881709\" class=\"text\">\n\t\t\n\n<h3>Erkl\u00e4rvideos &amp; Videohandb\u00fccher<\/h3>\n\t\t\n<style>\n#text-4082881709 {\n  color: rgb(0, 0, 0);\n}\n#text-4082881709 > * {\n  color: rgb(0, 0, 0);\n}\n<\/style>\n\t<\/div>\n\t\n<a href=\"https:\/\/drawmybusiness.de\/en\/unternehmen-erklaervideos\/\" target=\"_self\" class=\"button secondary box-shadow-3\"  >\n    <span>zu den Workshops<\/span>\n  <\/a>\n\n\n\n\t\t\t<\/div>\n\t\t<\/div>\n\t<\/div>\n\t\n\n\t\t<\/div>\n\t\t\t<\/div>\n\n\t\n\n\t<div id=\"col-63787322\" class=\"col medium-3 small-12 large-3\"  >\n\t\t<div class=\"col-inner box-shadow-5 box-shadow-5-hover\" style=\"background-color:rgb(255, 255, 255);\" >\n\t\t\t\n\t\t\t\n\n\t<div class=\"box has-hover   has-hover box-text-bottom\" >\n\n\t\t<div class=\"box-image\" >\n\t\t\t<a href=\"https:\/\/drawmybusiness.de\/en\/unternehmen-digialisierung-und-kreatives-management\/\"  >\t\t\t<div class=\"\" >\n\t\t\t\t<img loading=\"lazy\" decoding=\"async\" width=\"1280\" height=\"753\" src=\"https:\/\/drawmybusiness.de\/wp-content\/uploads\/2019\/10\/turn-on-2933029_1280-Kategorie.jpg\" class=\"attachment- size-\" alt=\"\" srcset=\"https:\/\/drawmybusiness.de\/wp-content\/uploads\/2019\/10\/turn-on-2933029_1280-Kategorie.jpg 1280w, https:\/\/drawmybusiness.de\/wp-content\/uploads\/2019\/10\/turn-on-2933029_1280-Kategorie-300x176.jpg 300w, https:\/\/drawmybusiness.de\/wp-content\/uploads\/2019\/10\/turn-on-2933029_1280-Kategorie-768x452.jpg 768w, https:\/\/drawmybusiness.de\/wp-content\/uploads\/2019\/10\/turn-on-2933029_1280-Kategorie-1024x602.jpg 1024w\" sizes=\"auto, (max-width: 1280px) 100vw, 1280px\" \/>\t\t\t\t\t\t\t\t\t\t\t<\/div>\n\t\t\t<\/a>\t\t<\/div>\n\n\t\t<div class=\"box-text text-center\" >\n\t\t\t<div class=\"box-text-inner\">\n\t\t\t\t\n\n\t<div id=\"text-683723143\" class=\"text\">\n\t\t\n\n<h3>Digitalisierung &#038; Management<\/h3>\n\t\t\n<style>\n#text-683723143 {\n  color: rgb(0,0,0);\n}\n#text-683723143 > * {\n  color: rgb(0,0,0);\n}\n<\/style>\n\t<\/div>\n\t\n<a href=\"https:\/\/drawmybusiness.de\/en\/unternehmen-digialisierung-und-kreatives-management\/\" target=\"_self\" class=\"button secondary box-shadow-3\"  >\n    <span>Zu den Workshops<\/span>\n  <\/a>\n\n\n\n\t\t\t<\/div>\n\t\t<\/div>\n\t<\/div>\n\t\n\n\t\t<\/div>\n\t\t\t<\/div>\n\n\t\n\n\t<div id=\"col-784670742\" class=\"col medium-3 small-12 large-3\"  >\n\t\t<div class=\"col-inner box-shadow-5 box-shadow-4-hover\" style=\"background-color:rgb(255, 255, 255);\" >\n\t\t\t\n\t\t\t\n\n\t<div class=\"box has-hover   has-hover box-text-bottom\" >\n\n\t\t<div class=\"box-image\" >\n\t\t\t<a href=\"https:\/\/drawmybusiness.de\/en\/unternehmen-kreative-praesentationstechniken\/\"  >\t\t\t<div class=\"\" >\n\t\t\t\t<img loading=\"lazy\" decoding=\"async\" width=\"1765\" height=\"1037\" src=\"https:\/\/drawmybusiness.de\/wp-content\/uploads\/2019\/10\/Project-Management-Summit-2019-V6.jpg\" class=\"attachment- size-\" alt=\"\" srcset=\"https:\/\/drawmybusiness.de\/wp-content\/uploads\/2019\/10\/Project-Management-Summit-2019-V6.jpg 1765w, https:\/\/drawmybusiness.de\/wp-content\/uploads\/2019\/10\/Project-Management-Summit-2019-V6-300x176.jpg 300w, https:\/\/drawmybusiness.de\/wp-content\/uploads\/2019\/10\/Project-Management-Summit-2019-V6-768x451.jpg 768w, https:\/\/drawmybusiness.de\/wp-content\/uploads\/2019\/10\/Project-Management-Summit-2019-V6-1024x602.jpg 1024w\" sizes=\"auto, (max-width: 1765px) 100vw, 1765px\" \/>\t\t\t\t\t\t\t\t\t\t\t<\/div>\n\t\t\t<\/a>\t\t<\/div>\n\n\t\t<div class=\"box-text text-center\" >\n\t\t\t<div class=\"box-text-inner\">\n\t\t\t\t\n\n\t<div id=\"text-3922282304\" class=\"text\">\n\t\t\n\n<h3>Kreative Pr\u00e4sen-<\/h3>\n<h3>tationstechniken<\/h3>\n\t\t\n<style>\n#text-3922282304 {\n  color: rgb(0, 0, 0);\n}\n#text-3922282304 > * {\n  color: rgb(0, 0, 0);\n}\n<\/style>\n\t<\/div>\n\t\n<a href=\"https:\/\/drawmybusiness.de\/en\/unternehmen-kreative-praesentationstechniken\/\" target=\"_self\" class=\"button secondary box-shadow-3\"  >\n    <span>Zu den Workshops<\/span>\n  <\/a>\n\n\n\n\t\t\t<\/div>\n\t\t<\/div>\n\t<\/div>\n\t\n\n\t\t<\/div>\n\t\t\t<\/div>\n\n\t\n\n\t<div id=\"col-75843190\" class=\"col medium-3 small-12 large-3\"  >\n\t\t<div class=\"col-inner box-shadow-5 box-shadow-4-hover\" style=\"background-color:rgb(255, 255, 255);\" >\n\t\t\t\n\t\t\t\n\n\t<div class=\"box has-hover   has-hover box-text-bottom\" >\n\n\t\t<div class=\"box-image\" >\n\t\t\t<a href=\"https:\/\/drawmybusiness.de\/en\/unternehmen-fuer-azubis-werkstudenten\/\"  >\t\t\t<div class=\"\" >\n\t\t\t\t<img loading=\"lazy\" decoding=\"async\" width=\"906\" height=\"532\" src=\"https:\/\/drawmybusiness.de\/wp-content\/uploads\/2019\/10\/Digital-Natives-v2.jpg\" class=\"attachment- size-\" alt=\"\" srcset=\"https:\/\/drawmybusiness.de\/wp-content\/uploads\/2019\/10\/Digital-Natives-v2.jpg 906w, https:\/\/drawmybusiness.de\/wp-content\/uploads\/2019\/10\/Digital-Natives-v2-300x176.jpg 300w, https:\/\/drawmybusiness.de\/wp-content\/uploads\/2019\/10\/Digital-Natives-v2-768x451.jpg 768w\" sizes=\"auto, (max-width: 906px) 100vw, 906px\" \/>\t\t\t\t\t\t\t\t\t\t\t<\/div>\n\t\t\t<\/a>\t\t<\/div>\n\n\t\t<div class=\"box-text text-center\" >\n\t\t\t<div class=\"box-text-inner\">\n\t\t\t\t\n\n\t<div id=\"text-2447541027\" class=\"text\">\n\t\t\n\n<h3>F\u00fcr Azubis &amp; <br \/>Studis<\/h3>\n\t\t\n<style>\n#text-2447541027 {\n  color: rgb(0,0,0);\n}\n#text-2447541027 > * {\n  color: rgb(0,0,0);\n}\n<\/style>\n\t<\/div>\n\t\n<a href=\"https:\/\/drawmybusiness.de\/en\/unternehmen-fuer-azubis-werkstudenten\/\" target=\"_self\" class=\"button secondary box-shadow-3\"  >\n    <span>Zu den Workshops<\/span>\n  <\/a>\n\n\n\n\t\t\t<\/div>\n\t\t<\/div>\n\t<\/div>\n\t\n\n\t\t<\/div>\n\t\t\t<\/div>\n\n\t\n\n<\/div>\n\n\t\t<\/div>\n\n\t\t\n<style>\n#section_1126447456 {\n  padding-top: 30px;\n  padding-bottom: 30px;\n  background-color: rgba(0, 0, 0, 0.09);\n}\n<\/style>\n\t<\/section>\n\t\n\t<section class=\"section\" id=\"section_1702901958\">\n\t\t<div class=\"bg section-bg fill bg-fill  bg-loaded\" >\n\n\t\t\t\n\t\t\t\n\t\t\t\n\n\t\t<\/div>\n\n\t\t<div class=\"section-content relative\">\n\t\t\t\n\n<div class=\"row\"  id=\"row-951271928\">\n\n\n\t<div id=\"col-809043775\" class=\"col medium-9 small-12 large-9\"  >\n\t\t<div class=\"col-inner\"  >\n\t\t\t\n\t\t\t\n\n<h2 class=\"uppercase\">DO YOU HAVE ANY QUESTIONS?<\/h2>\n<p>We will be happy to help you with any questions free of charge. Simply send us an inquiry. <br \/>Wir freuen uns auf Sie!<\/p>\n<a href=\"https:\/\/drawmybusiness.de\/en\/kontakt\/\" target=\"_self\" class=\"button secondary box-shadow-3\"  >\n    <span>Make a free request<\/span>\n  <\/a>\n\n\n\n\t\t<\/div>\n\t\t\t<\/div>\n\n\t\n\n\t<div id=\"col-155262359\" class=\"col medium-3 small-12 large-3\"  >\n\t\t<div class=\"col-inner\"  >\n\t\t\t\n\t\t\t\n\n    <div class=\"box has-hover has-hover box-text-bottom\" >\n\n                  <div class=\"box-image\" style=\"width:80%;\">\n           <div class=\"box-image-inner image-cover\" style=\"border-radius:88%;padding-top:100%;\">\n              <img loading=\"lazy\" decoding=\"async\" width=\"2180\" height=\"2181\" src=\"https:\/\/drawmybusiness.de\/wp-content\/uploads\/2018\/06\/Anabel-Derlam2_cr.jpg\" class=\"attachment- size-\" alt=\"\" srcset=\"https:\/\/drawmybusiness.de\/wp-content\/uploads\/2018\/06\/Anabel-Derlam2_cr.jpg 2180w, https:\/\/drawmybusiness.de\/wp-content\/uploads\/2018\/06\/Anabel-Derlam2_cr-300x300.jpg 300w, https:\/\/drawmybusiness.de\/wp-content\/uploads\/2018\/06\/Anabel-Derlam2_cr-100x100.jpg 100w, https:\/\/drawmybusiness.de\/wp-content\/uploads\/2018\/06\/Anabel-Derlam2_cr-600x600.jpg 600w, https:\/\/drawmybusiness.de\/wp-content\/uploads\/2018\/06\/Anabel-Derlam2_cr-150x150.jpg 150w, https:\/\/drawmybusiness.de\/wp-content\/uploads\/2018\/06\/Anabel-Derlam2_cr-768x768.jpg 768w, https:\/\/drawmybusiness.de\/wp-content\/uploads\/2018\/06\/Anabel-Derlam2_cr-1024x1024.jpg 1024w\" sizes=\"auto, (max-width: 2180px) 100vw, 2180px\" \/>                         <\/div>\n          <\/div>\n         \n          <div class=\"box-text text-center\" >\n                <div class=\"box-text-inner\">\n                  <h4 class=\"uppercase\">\n                    <span class=\"person-name\">Anabel Derlam<\/span><br\/>\n                    <span class=\"person-title is-small thin-font op-7\">\n                      Managing Director                    <\/span>\n                  <\/h4>\n                 <div class=\"social-icons follow-icons\" ><a href=\"https:\/\/www.facebook.com\/Institut-f\u00fcr-Digitalisierung-und-Digital-Storytelling-1439771922744710\/\" target=\"_blank\" data-label=\"Facebook\" rel=\"noopener noreferrer nofollow\" class=\"icon button circle is-outline facebook tooltip\" title=\"Follow on Facebook\"><i class=\"icon-facebook\" ><\/i><\/a><a href=\"mailto:Info@draw-my-business.de\" data-label=\"E-mail\"  rel=\"nofollow\" class=\"icon button circle is-outline  email tooltip\" title=\"Send us an email\"><i class=\"icon-envelop\" ><\/i><\/a><a href=\"https:\/\/www.youtube.com\/channel\/UCrJXFECCf80wCzW3EeMkCtA\" target=\"_blank\" rel=\"noopener noreferrer nofollow\" data-label=\"YouTube\" class=\"icon button circle is-outline  youtube tooltip\" title=\"Follow on YouTube\"><i class=\"icon-youtube\" ><\/i><\/a><\/div>                 \n\n\n                <\/div>\n          <\/div>\n    <\/div>\n\n    \n    \n\n\t\t<\/div>\n\t\t\t<\/div>\n\n\t\n\n<\/div>\n\n\t\t<\/div>\n\n\t\t\n<style>\n#section_1702901958 {\n  padding-top: 30px;\n  padding-bottom: 30px;\n  background-color: rgba(0, 0, 0, 0.06);\n}\n<\/style>\n\t<\/section>","protected":false},"excerpt":{"rendered":"","protected":false},"author":1,"featured_media":0,"parent":0,"menu_order":0,"comment_status":"closed","ping_status":"closed","template":"","meta":{"jetpack_post_was_ever_published":false,"two_page_speed":[],"footnotes":""},"class_list":["post-359","page","type-page","status-publish","hentry"],"jetpack_sharing_enabled":true,"jetpack_shortlink":"https:\/\/wp.me\/PaKa6d-5N","_links":{"self":[{"href":"https:\/\/drawmybusiness.de\/en\/wp-json\/wp\/v2\/pages\/359","targetHints":{"allow":["GET"]}}],"collection":[{"href":"https:\/\/drawmybusiness.de\/en\/wp-json\/wp\/v2\/pages"}],"about":[{"href":"https:\/\/drawmybusiness.de\/en\/wp-json\/wp\/v2\/types\/page"}],"author":[{"embeddable":true,"href":"https:\/\/drawmybusiness.de\/en\/wp-json\/wp\/v2\/users\/1"}],"replies":[{"embeddable":true,"href":"https:\/\/drawmybusiness.de\/en\/wp-json\/wp\/v2\/comments?post=359"}],"version-history":[{"count":162,"href":"https:\/\/drawmybusiness.de\/en\/wp-json\/wp\/v2\/pages\/359\/revisions"}],"predecessor-version":[{"id":3384,"href":"https:\/\/drawmybusiness.de\/en\/wp-json\/wp\/v2\/pages\/359\/revisions\/3384"}],"wp:attachment":[{"href":"https:\/\/drawmybusiness.de\/en\/wp-json\/wp\/v2\/media?parent=359"}],"curies":[{"name":"wp","href":"https:\/\/api.w.org\/{rel}","templated":true}]}}