{"id":2556,"date":"2019-10-08T13:24:00","date_gmt":"2019-10-08T11:24:00","guid":{"rendered":"https:\/\/drawmybusiness.de\/?page_id=2556"},"modified":"2024-04-16T09:39:18","modified_gmt":"2024-04-16T07:39:18","slug":"unsere-beratungsleistungen","status":"publish","type":"page","link":"https:\/\/drawmybusiness.de\/en\/unsere-beratungsleistungen\/","title":{"rendered":"Unsere Beratungsleistungen im Bereich Videoproduktion"},"content":{"rendered":"<section class=\"section\" id=\"section_496017257\">\n\t\t<div class=\"bg section-bg fill bg-fill  bg-loaded\" >\n\n\t\t\t\n\t\t\t\n\t\t\t\n\n\t\t<\/div>\n\n\t\t<div class=\"section-content relative\">\n\t\t\t\n\n<div class=\"row\"  id=\"row-310860557\">\n\n\n\t<div id=\"col-1514462441\" class=\"col medium-4 small-12 large-4\"  >\n\t\t<div class=\"col-inner box-shadow-5 box-shadow-4-hover\"  >\n\t\t\t\n\t\t\t\n\n\t<div class=\"box has-hover   has-hover box-text-bottom\" >\n\n\t\t<div class=\"box-image\" >\n\t\t\t\t\t\t<div class=\"\" >\n\t\t\t\t<img loading=\"lazy\" decoding=\"async\" width=\"2560\" height=\"1224\" src=\"https:\/\/drawmybusiness.de\/wp-content\/uploads\/2024\/04\/Beratung-scaled.webp\" class=\"attachment- size-\" alt=\"UNSERE BERATUNGSLEISTUNGEN! Wir unterst\u00fctzen euch auch auf Stundenbasis und arbeiten gerne mit euch zusammen in euren Videoprojekten!\" srcset=\"https:\/\/drawmybusiness.de\/wp-content\/uploads\/2024\/04\/Beratung-scaled.webp 2560w, https:\/\/drawmybusiness.de\/wp-content\/uploads\/2024\/04\/Beratung-300x143.webp 300w, https:\/\/drawmybusiness.de\/wp-content\/uploads\/2024\/04\/Beratung-1024x489.webp 1024w, https:\/\/drawmybusiness.de\/wp-content\/uploads\/2024\/04\/Beratung-768x367.webp 768w, https:\/\/drawmybusiness.de\/wp-content\/uploads\/2024\/04\/Beratung-1536x734.webp 1536w, https:\/\/drawmybusiness.de\/wp-content\/uploads\/2024\/04\/Beratung-2048x979.webp 2048w\" sizes=\"auto, (max-width: 2560px) 100vw, 2560px\" \/>\t\t\t\t\t\t\t\t\t\t\t<\/div>\n\t\t\t\t\t<\/div>\n\n\t\t<div class=\"box-text text-center\" style=\"background-color:rgb(255, 255, 255);\">\n\t\t\t<div class=\"box-text-inner\">\n\t\t\t\t\n\n\t<div id=\"text-1902168845\" class=\"text\">\n\t\t\n\n<h4>BERATUNGSLEISTUNGEN<\/h4>\n<p>\u00a0<\/p>\n<p><strong>Projekteinsatz auf Stundenbasis:<\/strong><\/p>\n<p>Preise je nach Skill-Level zwischen 60-80 \u20ac die Std.(remote)<\/p>\n<p><strong>Videoaufbereitung:<\/strong><\/p>\n<p>Preis auf Anfrage und nach Sichtung des Materials<\/p>\n<p><strong>Festpreise Videoproduktion:<\/strong><\/p>\n<p>Individuelles Video bis max. 4 Minuten Dauer zum Festpreis von<\/p>\n<p>2.900,\u2013 \u20ac zzgl. USt.\u00a0<\/p>\n<p>Videointro auf Basis unserer Templates und mit Ihrem CD<\/p>\n<p>399,\u2013 \u20ac zzgl. USt.\u00a0<\/p>\n\t\t\n<style>\n#text-1902168845 {\n  color: rgb(0, 0, 0);\n}\n#text-1902168845 > * {\n  color: rgb(0, 0, 0);\n}\n<\/style>\n\t<\/div>\n\t\n<a href=\"https:\/\/drawmybusiness.de\/en\/kontakt\/\" target=\"_self\" class=\"button secondary box-shadow-3\"  >\n    <span>Anfragen<\/span>\n  <\/a>\n\n\n\n\t\t\t<\/div>\n\t\t<\/div>\n\t<\/div>\n\t\n\n\t\t<\/div>\n\t\t\t<\/div>\n\n\t\n\n\t<div id=\"col-405782389\" class=\"col medium-8 small-12 large-8\"  >\n\t\t<div class=\"col-inner\"  >\n\t\t\t\n\t\t\t\n\n<h1>Unsere Beratungsleistungen im Bereich Video<\/h1>\n<p>Neben unseren Festpreisen bieten wir auch unsere Beratungsleistungen auf Stundenbasis an, um euch auch in euren langfristigen Videoprojekten optimal zu unterst\u00fctzen.<\/p>\n<h2>Professionalisierung eurer Videoaufnahmen<\/h2>\n<p>Wir sehen uns gerne eure Videoaufnahmen an, beraten euch, was verbessert werden kann und stellen euch bei Bedarf ein Schulungsprogramm zusammen. So k\u00f6nnt ihr ihn eurem Unternehmen erfolgreich das Medium Video nutzen und von der der kosteng\u00fcnstigen Selbstproduktion profitieren.<\/p>\n<p>Nat\u00fcrlich \u00fcberarbeiten wir auch eure\u00a0 Videomitschnitte und erstellen auf der Grundlage professionelle Videos oder auch Videokurse.\u00a0<\/p>\n<h2>Alles aus einer Hand: Vorlagen f\u00fcr Videointros, -templates und -titelbilder<\/h2>\n<p>Wir erstellen f\u00fcr euch individuelle Vorlagen f\u00fcr eure Videos oder ihr nutzt einfach unsere fertigen Vorlagen, die wir f\u00fcr euch an euer Coporate Design anpassen. Seht Euch unsere Beispiel-Video-Intros hier an.<\/p>\n\n\t\t<\/div>\n\t\t\t<\/div>\n\n\t\n\n\t<div id=\"col-397824530\" class=\"col small-12 large-12\"  >\n\t\t<div class=\"col-inner\"  >\n\t\t\t\n\t\t\t\n\n<h2>Unsere Beispiel-Video-Intros<\/h2>\n<p>Weitere finden Sie in unserer <a href=\"https:\/\/www.youtube-nocookie.com\/playlist?list=PLuM1-9spUgWc6nXPlZbVBbYDJdF5Dv-Wk\" target=\"_blank\" rel=\"noopener noreferrer\">YouTube-Playlist.<\/a><\/p>\n<div class=\"row\"  id=\"row-2008975503\">\n\n\n\t<div id=\"col-1294217945\" class=\"col small-12 large-12\"  >\n\t\t<div class=\"col-inner\"  >\n\t\t\t\n\t\t\t\n\n<div class=\"row\"  id=\"row-341659087\">\n\n\n\t<div id=\"col-1054840876\" class=\"col small-12 large-12\"  >\n\t\t<div class=\"col-inner\"  >\n\t\t\t\n\t\t\t\n\n<div class=\"row\"  id=\"row-109613724\">\n\n\n\t<div id=\"col-425491449\" class=\"col medium-6 small-12 large-6\"  >\n\t\t<div class=\"col-inner\"  >\n\t\t\t\n\t\t\t\n\n<h4 class=\"title style-scope ytd-video-primary-info-renderer\">Intro IL101 &#8211; F\u00fcr Ihre Online Akademie<\/h4>\n<p><iframe loading=\"lazy\" src=\"https:\/\/www.youtube-nocookie.com\/embed\/uk6Im6-XCec?rel=0\" allowfullscreen=\"allowfullscreen\" width=\"400\" height=\"225\" frameborder=\"0\"><\/iframe><\/p>\n\n\t\t<\/div>\n\t\t\t<\/div>\n\n\t\n\n\t<div id=\"col-1524130210\" class=\"col medium-6 small-12 large-6\"  >\n\t\t<div class=\"col-inner\"  >\n\t\t\t\n\t\t\t\n\n<h4 class=\"title style-scope ytd-video-primary-info-renderer\">Intro IL103 &#8211; F\u00fcr Ihre Online Akademie<\/h4>\n<p><iframe loading=\"lazy\" src=\"https:\/\/www.youtube-nocookie.com\/embed\/607xgydNrD8?rel=0\" allowfullscreen=\"allowfullscreen\" width=\"400\" height=\"225\" frameborder=\"0\"><\/iframe><\/p>\n\n\t\t<\/div>\n\t\t\t<\/div>\n\n\t\n\n<\/div>\n\n\t\t<\/div>\n\t\t\t<\/div>\n\n\t\n\n\t<div id=\"col-1959159589\" class=\"col medium-6 small-12 large-6\"  >\n\t\t<div class=\"col-inner\"  >\n\t\t\t\n\t\t\t\n\n<h4 class=\"title style-scope ytd-video-primary-info-renderer\">Intro IL105 &#8211; F\u00fcr Ihre Online Akademie<\/h4>\n<p><iframe loading=\"lazy\" src=\"https:\/\/www.youtube-nocookie.com\/embed\/2LnRiCGnOKM?rel=0\" allowfullscreen=\"allowfullscreen\" width=\"400\" height=\"225\" frameborder=\"0\"><\/iframe><\/p>\n\n\t\t<\/div>\n\t\t\t<\/div>\n\n\t\n\n\t<div id=\"col-297068594\" class=\"col medium-6 small-12 large-6\"  >\n\t\t<div class=\"col-inner\"  >\n\t\t\t\n\t\t\t\n\n<h4 class=\"title style-scope ytd-video-primary-info-renderer\">Intro IL105 &#8211; F\u00fcr Ihre Online Akademie<\/h4>\n<p><iframe loading=\"lazy\" src=\"https:\/\/www.youtube-nocookie.com\/embed\/ooYNXxCH4Mc?rel=0\" allowfullscreen=\"allowfullscreen\" width=\"400\" height=\"225\" frameborder=\"0\"><\/iframe><\/p>\n\n\t\t<\/div>\n\t\t\t<\/div>\n\n\t\n\n<\/div>\n\n\t\t<\/div>\n\t\t\t<\/div>\n\n\t\n\n<\/div>\n\n\t\t<\/div>\n\t\t\t<\/div>\n\n\t\n\n<\/div>\n<div class=\"row\"  id=\"row-307278133\">\n\n\n\t<div id=\"col-1764537339\" class=\"col small-12 large-12\"  >\n\t\t<div class=\"col-inner\"  >\n\t\t\t\n\t\t\t\n\n<h2>Unser beliebter Workshop:<\/h2>\n<p>M\u00f6chtet ihr selbst in die Videoproduktion einsteigen? Dann bieten wir euch unseren viel gebuchten Workshop an.<\/p>\n\n\t\t<\/div>\n\t\t\t<\/div>\n\n\t\n\n<\/div>\n<div class=\"row\"  id=\"row-1503937656\">\n\n\n\t<div id=\"col-854271773\" class=\"col medium-6 small-12 large-6\"  >\n\t\t<div class=\"col-inner\"  >\n\t\t\t\n\t\t\t\n\n\t<div class=\"img has-hover x md-x lg-x y md-y lg-y\" id=\"image_149540581\">\n\t\t<a class=\"\" href=\"https:\/\/drawmybusiness.de\/wp-content\/uploads\/2024\/04\/Praxisworkshop_Erklaervideos_selbst_erstellen_2024.pdf\" target=\"_blank\" rel=\"noopener noreferrer\">\t\t\t\t\t\t<div class=\"img-inner dark\" >\n\t\t\t<img loading=\"lazy\" decoding=\"async\" width=\"724\" height=\"1024\" src=\"https:\/\/drawmybusiness.de\/wp-content\/uploads\/2024\/04\/Praxisworkshop-Erklaervideos-selbst-erstellen_2024-724x1024.webp\" class=\"attachment-large size-large\" alt=\"Unser Praxisworkshop: &quot;Erkl\u00e4rvideos selbst erstellen&quot; - Erstellen Sie unter unserer Anleitung ihr erstes fachbezogenes Erkl\u00e4rvideo.\" srcset=\"https:\/\/drawmybusiness.de\/wp-content\/uploads\/2024\/04\/Praxisworkshop-Erklaervideos-selbst-erstellen_2024-724x1024.webp 724w, https:\/\/drawmybusiness.de\/wp-content\/uploads\/2024\/04\/Praxisworkshop-Erklaervideos-selbst-erstellen_2024-212x300.webp 212w, https:\/\/drawmybusiness.de\/wp-content\/uploads\/2024\/04\/Praxisworkshop-Erklaervideos-selbst-erstellen_2024-768x1086.webp 768w, https:\/\/drawmybusiness.de\/wp-content\/uploads\/2024\/04\/Praxisworkshop-Erklaervideos-selbst-erstellen_2024-424x600.webp 424w, https:\/\/drawmybusiness.de\/wp-content\/uploads\/2024\/04\/Praxisworkshop-Erklaervideos-selbst-erstellen_2024.webp 794w\" sizes=\"auto, (max-width: 724px) 100vw, 724px\" \/>\t\t\t\t\t\t\n\t\t\t\t\t<\/div>\n\t\t\t\t\t\t<\/a>\t\t\n<style>\n#image_149540581 {\n  width: 100%;\n}\n<\/style>\n\t<\/div>\n\t\n\n\n\t\t<\/div>\n\t\t\t<\/div>\n\n\t\n\n<\/div>\n\n\t\t<\/div>\n\n\t\t\n<style>\n#section_496017257 {\n  padding-top: 30px;\n  padding-bottom: 30px;\n}\n<\/style>\n\t<\/section>\n\t\n\t<section class=\"section\" id=\"section_1409025453\">\n\t\t<div class=\"bg section-bg fill bg-fill  bg-loaded\" >\n\n\t\t\t\n\t\t\t<div class=\"section-bg-overlay absolute fill\"><\/div>\n\t\t\t\n\n\t\t<\/div>\n\n\t\t<div class=\"section-content relative\">\n\t\t\t\n\n<div class=\"row row-large align-middle\"  id=\"row-1886738817\">\n\n\n\t<div id=\"col-1083056850\" class=\"col medium-9 small-12 large-9\"  >\n\t\t<div class=\"col-inner text-left\"  >\n\t\t\t\n\t\t\t\n\n<h2 class=\"uppercase\">DO YOU HAVE ANY QUESTIONS?<\/h2>\n<p>Wir helfen euch gerne bei Fragen kostenlos weiter. Sendet uns einfach eine Anfrage <br \/>We look forward to seeing you!<\/p>\n<a href=\"https:\/\/drawmybusiness.de\/en\/kontakt\/\" target=\"_self\" class=\"button secondary\">\n    <span>KOSTENLOSE ANFRAGE STELLEN<\/span>\n  <\/a>\n\n\n\n\t\t<\/div>\n\t\t\t<\/div>\n\n\t\n\n\t<div id=\"col-1582128159\" class=\"col medium-3 small-12 large-3\"  >\n\t\t<div class=\"col-inner\"  >\n\t\t\t\n\t\t\t\n\n    <div class=\"box has-hover has-hover box-text-bottom\" >\n\n                  <div class=\"box-image\" style=\"width:80%;\">\n           <div class=\"box-image-inner image-cover\" style=\"border-radius:100%;padding-top:100{ba0834477fb9117f7b062407d171103b95c9677c9887b9110e937f9e3ed6d82a};\">\n              <img loading=\"lazy\" decoding=\"async\" width=\"2180\" height=\"2181\" src=\"https:\/\/drawmybusiness.de\/wp-content\/uploads\/2018\/06\/Anabel-Derlam2_cr.jpg\" class=\"attachment- size-\" alt=\"\" srcset=\"https:\/\/drawmybusiness.de\/wp-content\/uploads\/2018\/06\/Anabel-Derlam2_cr.jpg 2180w, https:\/\/drawmybusiness.de\/wp-content\/uploads\/2018\/06\/Anabel-Derlam2_cr-300x300.jpg 300w, https:\/\/drawmybusiness.de\/wp-content\/uploads\/2018\/06\/Anabel-Derlam2_cr-100x100.jpg 100w, https:\/\/drawmybusiness.de\/wp-content\/uploads\/2018\/06\/Anabel-Derlam2_cr-600x600.jpg 600w, https:\/\/drawmybusiness.de\/wp-content\/uploads\/2018\/06\/Anabel-Derlam2_cr-150x150.jpg 150w, https:\/\/drawmybusiness.de\/wp-content\/uploads\/2018\/06\/Anabel-Derlam2_cr-768x768.jpg 768w, https:\/\/drawmybusiness.de\/wp-content\/uploads\/2018\/06\/Anabel-Derlam2_cr-1024x1024.jpg 1024w\" sizes=\"auto, (max-width: 2180px) 100vw, 2180px\" \/>                         <\/div>\n          <\/div>\n         \n          <div class=\"box-text text-center\" >\n                <div class=\"box-text-inner\">\n                  <h4 class=\"uppercase\">\n                    <span class=\"person-name\">Anabel Derlam<\/span><br\/>\n                    <span class=\"person-title is-small thin-font op-7\">\n                      GEsch\u00e4ftsf\u00fchrerin                    <\/span>\n                  <\/h4>\n                 <div class=\"social-icons follow-icons\" ><a href=\"https:\/\/www.facebook.com\/Institut-f\u00fcr-Digitalisierung-und-Digital-Storytelling-1439771922744710\/\" target=\"_blank\" data-label=\"Facebook\" rel=\"noopener noreferrer nofollow\" class=\"icon button circle is-outline facebook tooltip\" title=\"Follow on Facebook\"><i class=\"icon-facebook\" ><\/i><\/a><a href=\"mailto:Info@draw-my-business.de\" data-label=\"E-mail\"  rel=\"nofollow\" class=\"icon button circle is-outline  email tooltip\" title=\"Send us an email\"><i class=\"icon-envelop\" ><\/i><\/a><a href=\"https:\/\/www.youtube.com\/channel\/UCrJXFECCf80wCzW3EeMkCtA\" target=\"_blank\" rel=\"noopener noreferrer nofollow\" data-label=\"YouTube\" class=\"icon button circle is-outline  youtube tooltip\" title=\"Follow on YouTube\"><i class=\"icon-youtube\" ><\/i><\/a><\/div>                 \n\n<div class=\"row\"  id=\"row-874004302\">\n\n\n\t<div id=\"col-1605913881\" class=\"col medium-6 small-12 large-6\"  >\n\t\t<div class=\"col-inner\"  >\n\t\t\t\n\t\t\t\n\n\n\t\t<\/div>\n\t\t\t<\/div>\n\n\t\n\n<\/div>\n\n                <\/div>\n          <\/div>\n    <\/div>\n\n    \n    \n\t<div class=\"img has-hover x md-x lg-x y md-y lg-y\" id=\"image_393013221\">\n\t\t\t\t\t\t\t\t<div class=\"img-inner box-shadow-2 dark\" >\n\t\t\t\t\t\t\t\t\t\n\t\t\t\t\t<\/div>\n\t\t\t\t\t\t\t\t\n<style>\n#image_393013221 {\n  width: 100%;\n}\n<\/style>\n\t<\/div>\n\t\n\n\n\t\t<\/div>\n\t\t\t<\/div>\n\n\t\n\n<\/div>\n\n\t\t<\/div>\n\n\t\t\n<style>\n#section_1409025453 {\n  padding-top: 14px;\n  padding-bottom: 14px;\n  background-color: rgb(110, 106, 106);\n}\n#section_1409025453 .section-bg-overlay {\n  background-color: rgba(255, 255, 255, 0.85);\n}\n<\/style>\n\t<\/section>","protected":false},"excerpt":{"rendered":"","protected":false},"author":1,"featured_media":0,"parent":0,"menu_order":0,"comment_status":"closed","ping_status":"closed","template":"page-blank.php","meta":{"jetpack_post_was_ever_published":false,"two_page_speed":[],"footnotes":""},"class_list":["post-2556","page","type-page","status-publish","hentry"],"jetpack_sharing_enabled":true,"jetpack_shortlink":"https:\/\/wp.me\/PaKa6d-Fe","_links":{"self":[{"href":"https:\/\/drawmybusiness.de\/en\/wp-json\/wp\/v2\/pages\/2556","targetHints":{"allow":["GET"]}}],"collection":[{"href":"https:\/\/drawmybusiness.de\/en\/wp-json\/wp\/v2\/pages"}],"about":[{"href":"https:\/\/drawmybusiness.de\/en\/wp-json\/wp\/v2\/types\/page"}],"author":[{"embeddable":true,"href":"https:\/\/drawmybusiness.de\/en\/wp-json\/wp\/v2\/users\/1"}],"replies":[{"embeddable":true,"href":"https:\/\/drawmybusiness.de\/en\/wp-json\/wp\/v2\/comments?post=2556"}],"version-history":[{"count":13,"href":"https:\/\/drawmybusiness.de\/en\/wp-json\/wp\/v2\/pages\/2556\/revisions"}],"predecessor-version":[{"id":3678,"href":"https:\/\/drawmybusiness.de\/en\/wp-json\/wp\/v2\/pages\/2556\/revisions\/3678"}],"wp:attachment":[{"href":"https:\/\/drawmybusiness.de\/en\/wp-json\/wp\/v2\/media?parent=2556"}],"curies":[{"name":"wp","href":"https:\/\/api.w.org\/{rel}","templated":true}]}}