{"id":2549,"date":"2019-10-08T13:10:20","date_gmt":"2019-10-08T11:10:20","guid":{"rendered":"https:\/\/drawmybusiness.de\/?page_id=2549"},"modified":"2024-04-16T09:13:14","modified_gmt":"2024-04-16T07:13:14","slug":"veranstaltungsvideo","status":"publish","type":"page","link":"https:\/\/drawmybusiness.de\/en\/veranstaltungsvideo\/","title":{"rendered":"Veranstaltungsvideo"},"content":{"rendered":"<section class=\"section\" id=\"section_557336183\">\n\t\t<div class=\"bg section-bg fill bg-fill  bg-loaded\" >\n\n\t\t\t\n\t\t\t\n\t\t\t\n\n\t\t<\/div>\n\n\t\t<div class=\"section-content relative\">\n\t\t\t\n\n<div class=\"row\"  id=\"row-704785611\">\n\n\n\t<div id=\"col-949082040\" class=\"col medium-4 small-12 large-4\"  >\n\t\t<div class=\"col-inner box-shadow-5 box-shadow-4-hover\" style=\"background-color:rgb(251, 247, 247);\" >\n\t\t\t\n\t\t\t\n\n\t<div class=\"box has-hover   has-hover box-text-bottom\" >\n\n\t\t<div class=\"box-image\" >\n\t\t\t\t\t\t<div class=\"\" >\n\t\t\t\t<img loading=\"lazy\" decoding=\"async\" width=\"1280\" height=\"612\" src=\"https:\/\/drawmybusiness.de\/wp-content\/uploads\/2024\/04\/audience-1677028_1280neu-Videoproduktion.webp\" class=\"attachment- size-\" alt=\"VERANSTALTUNGSVIDEO - Bewerbt eure Veranstaltung oder euren Messeauftritt mit einem Video!\" srcset=\"https:\/\/drawmybusiness.de\/wp-content\/uploads\/2024\/04\/audience-1677028_1280neu-Videoproduktion.webp 1280w, https:\/\/drawmybusiness.de\/wp-content\/uploads\/2024\/04\/audience-1677028_1280neu-Videoproduktion-300x143.webp 300w, https:\/\/drawmybusiness.de\/wp-content\/uploads\/2024\/04\/audience-1677028_1280neu-Videoproduktion-1024x490.webp 1024w, https:\/\/drawmybusiness.de\/wp-content\/uploads\/2024\/04\/audience-1677028_1280neu-Videoproduktion-768x367.webp 768w\" sizes=\"auto, (max-width: 1280px) 100vw, 1280px\" \/>\t\t\t\t\t\t\t\t\t\t\t<\/div>\n\t\t\t\t\t<\/div>\n\n\t\t<div class=\"box-text text-center\" >\n\t\t\t<div class=\"box-text-inner\">\n\t\t\t\t\n\n\t<div id=\"text-3882654265\" class=\"text\">\n\t\t\n\n<h4>EVENT VIDEO<\/h4>\n<div class=\"pricing-table-header\">\n<div class=\"title uppercase strong\">DAUER: 2-4 MIN.<\/div>\n<\/div>\n<div class=\"pricing-table-items items\">\n<p>Video production<\/p>\n<p>Preis auf Anfrage<\/p>\n<\/div>\n\t\t\n<style>\n#text-3882654265 {\n  color: rgb(0, 0, 0);\n}\n#text-3882654265 > * {\n  color: rgb(0, 0, 0);\n}\n<\/style>\n\t<\/div>\n\t\n<a href=\"https:\/\/drawmybusiness.de\/en\/kontakt\/\" target=\"_self\" class=\"button secondary box-shadow-3\"  >\n    <span>Anfragen<\/span>\n  <\/a>\n\n\n\n\t\t\t<\/div>\n\t\t<\/div>\n\t<\/div>\n\t\n\n\t\t<\/div>\n\t\t\t<\/div>\n\n\t\n\n\t<div id=\"col-559214358\" class=\"col medium-8 small-12 large-8\"  >\n\t\t<div class=\"col-inner\"  >\n\t\t\t\n\t\t\t\n\n<h1>Ein Video f\u00fcr eure Veranstaltung oder euren Messeauftritt!<\/h1>\n<p>Ihr k\u00f6nnt ein Veranstaltungsvideo vielf\u00e4ltig einsetzen und dadurch neue Kunden gewinnen. Ihr k\u00f6nnt das Veranstaltungsvideo auf euren Webseiten einbinden, auf Messemonitoren pr\u00e4sentieren und auch auf allen Social Media Kan\u00e4len zeigen. Ihr k\u00f6nnt das Veranstaltungsvideo auch in E-Mails einbinden oder in Pr\u00e4sentationen nutzen.<\/p>\n<h2>Unser Vorgehen bei der individuellen Videoproduktion<\/h2>\n<ul>\n<li>Kickoff-Workshop zur Abstimmung der Inhalte und des Designs mit euch<\/li>\n<li>Erstellung eines Textvorschlages (Storyboard) inkl. eurer Abnahme<\/li>\n<li>Produktion 1. Version des Videos<\/li>\n<li>Optional: Revisionsschleife f\u00fcr eure \u00c4nderungen<\/li>\n<li>Produktion und \u00dcbergabe des finalen Videos<\/li>\n<\/ul>\n\n\t\t<\/div>\n\t\t\t<\/div>\n\n\t\n\n\t<div id=\"col-1727062373\" class=\"col small-12 large-12\"  >\n\t\t<div class=\"col-inner\"  >\n\t\t\t\n\t\t\t\n\n<h2 style=\"text-align: left;\"><strong>Unser Beispielvideos f\u00fcr den GPM Young Crew Project Management Summit<br \/><\/strong><\/h2>\n<p><iframe loading=\"lazy\" src=\"https:\/\/www.youtube-nocookie.com\/embed\/HVhZ-fbhNaI?rel=0\" width=\"560\" height=\"315\" frameborder=\"0\" allowfullscreen=\"allowfullscreen\" data-mce-fragment=\"1\"><\/iframe><\/p>\n<h3>\u00a0<\/h3>\n<p><iframe loading=\"lazy\" src=\"https:\/\/www.youtube-nocookie.com\/embed\/5LA1ovO4vas?rel=0\" width=\"560\" height=\"315\" frameborder=\"0\" allowfullscreen=\"allowfullscreen\"><\/iframe><\/p>\n\n\t\t<\/div>\n\t\t\t<\/div>\n\n\t\n\n<\/div>\n\n\t\t<\/div>\n\n\t\t\n<style>\n#section_557336183 {\n  padding-top: 30px;\n  padding-bottom: 30px;\n}\n<\/style>\n\t<\/section>\n\t\n\t<section class=\"section\" id=\"section_1389220956\">\n\t\t<div class=\"bg section-bg fill bg-fill  bg-loaded\" >\n\n\t\t\t\n\t\t\t<div class=\"section-bg-overlay absolute fill\"><\/div>\n\t\t\t\n\n\t\t<\/div>\n\n\t\t<div class=\"section-content relative\">\n\t\t\t\n\n<div class=\"row row-large align-middle\"  id=\"row-244323936\">\n\n\n\t<div id=\"col-1810480333\" class=\"col medium-9 small-12 large-9\"  >\n\t\t<div class=\"col-inner text-left\"  >\n\t\t\t\n\t\t\t\n\n<h2 class=\"uppercase\">DO YOU HAVE ANY QUESTIONS?<\/h2>\n<p>Wir helfen Euch gerne bei Fragen kostenlos weiter. Sendet uns einfach eine Anfrage. <br \/>Wir freuen uns auf Euch!<\/p>\n<a href=\"https:\/\/drawmybusiness.de\/en\/kontakt\/\" target=\"_self\" class=\"button secondary\"  >\n    <span>KOSTENLOSE ANFRAGE STELLEN<\/span>\n  <\/a>\n\n\n\n\t\t<\/div>\n\t\t\t<\/div>\n\n\t\n\n\t<div id=\"col-475108795\" class=\"col medium-3 small-12 large-3\"  >\n\t\t<div class=\"col-inner\"  >\n\t\t\t\n\t\t\t\n\n    <div class=\"box has-hover has-hover box-text-bottom\" >\n\n                  <div class=\"box-image\" style=\"width:80%;\">\n           <div class=\"box-image-inner image-cover\" style=\"border-radius:100%;padding-top:100{ba0834477fb9117f7b062407d171103b95c9677c9887b9110e937f9e3ed6d82a};\">\n              <img loading=\"lazy\" decoding=\"async\" width=\"2180\" height=\"2181\" src=\"https:\/\/drawmybusiness.de\/wp-content\/uploads\/2018\/06\/Anabel-Derlam2_cr.jpg\" class=\"attachment- size-\" alt=\"\" srcset=\"https:\/\/drawmybusiness.de\/wp-content\/uploads\/2018\/06\/Anabel-Derlam2_cr.jpg 2180w, https:\/\/drawmybusiness.de\/wp-content\/uploads\/2018\/06\/Anabel-Derlam2_cr-300x300.jpg 300w, https:\/\/drawmybusiness.de\/wp-content\/uploads\/2018\/06\/Anabel-Derlam2_cr-100x100.jpg 100w, https:\/\/drawmybusiness.de\/wp-content\/uploads\/2018\/06\/Anabel-Derlam2_cr-600x600.jpg 600w, https:\/\/drawmybusiness.de\/wp-content\/uploads\/2018\/06\/Anabel-Derlam2_cr-150x150.jpg 150w, https:\/\/drawmybusiness.de\/wp-content\/uploads\/2018\/06\/Anabel-Derlam2_cr-768x768.jpg 768w, https:\/\/drawmybusiness.de\/wp-content\/uploads\/2018\/06\/Anabel-Derlam2_cr-1024x1024.jpg 1024w\" sizes=\"auto, (max-width: 2180px) 100vw, 2180px\" \/>                         <\/div>\n          <\/div>\n         \n          <div class=\"box-text text-center\" >\n                <div class=\"box-text-inner\">\n                  <h4 class=\"uppercase\">\n                    <span class=\"person-name\">Anabel Derlam<\/span><br\/>\n                    <span class=\"person-title is-small thin-font op-7\">\n                      GEsch\u00e4ftsf\u00fchrerin                    <\/span>\n                  <\/h4>\n                 <div class=\"social-icons follow-icons\" ><a href=\"https:\/\/www.facebook.com\/Institut-f\u00fcr-Digitalisierung-und-Digital-Storytelling-1439771922744710\/\" target=\"_blank\" data-label=\"Facebook\" rel=\"noopener noreferrer nofollow\" class=\"icon button circle is-outline facebook tooltip\" title=\"Follow on Facebook\"><i class=\"icon-facebook\" ><\/i><\/a><a href=\"mailto:Info@draw-my-business.de\" data-label=\"E-mail\"  rel=\"nofollow\" class=\"icon button circle is-outline  email tooltip\" title=\"Send us an email\"><i class=\"icon-envelop\" ><\/i><\/a><a href=\"https:\/\/www.youtube.com\/channel\/UCrJXFECCf80wCzW3EeMkCtA\" target=\"_blank\" rel=\"noopener noreferrer nofollow\" data-label=\"YouTube\" class=\"icon button circle is-outline  youtube tooltip\" title=\"Follow on YouTube\"><i class=\"icon-youtube\" ><\/i><\/a><\/div>                 \n\n<div class=\"row\"  id=\"row-1170194988\">\n\n\n\t<div id=\"col-22498784\" class=\"col medium-4 small-12 large-4\"  >\n\t\t<div class=\"col-inner\"  >\n\t\t\t\n\t\t\t\n\n\n\t\t<\/div>\n\t\t\t<\/div>\n\n\t\n\n<\/div>\n\n                <\/div>\n          <\/div>\n    <\/div>\n\n    \n    \n\t<div class=\"img has-hover x md-x lg-x y md-y lg-y\" id=\"image_192516018\">\n\t\t\t\t\t\t\t\t<div class=\"img-inner box-shadow-2 dark\" >\n\t\t\t\t\t\t\t\t\t\n\t\t\t\t\t<\/div>\n\t\t\t\t\t\t\t\t\n<style>\n#image_192516018 {\n  width: 100%;\n}\n<\/style>\n\t<\/div>\n\t\n\n\n\t\t<\/div>\n\t\t\t<\/div>\n\n\t\n\n<\/div>\n\n\t\t<\/div>\n\n\t\t\n<style>\n#section_1389220956 {\n  padding-top: 14px;\n  padding-bottom: 14px;\n  background-color: rgb(110, 106, 106);\n}\n#section_1389220956 .section-bg-overlay {\n  background-color: rgba(255, 255, 255, 0.85);\n}\n<\/style>\n\t<\/section>","protected":false},"excerpt":{"rendered":"","protected":false},"author":1,"featured_media":0,"parent":0,"menu_order":0,"comment_status":"closed","ping_status":"closed","template":"page-blank.php","meta":{"jetpack_post_was_ever_published":false,"two_page_speed":[],"footnotes":""},"class_list":["post-2549","page","type-page","status-publish","hentry"],"jetpack_sharing_enabled":true,"jetpack_shortlink":"https:\/\/wp.me\/PaKa6d-F7","_links":{"self":[{"href":"https:\/\/drawmybusiness.de\/en\/wp-json\/wp\/v2\/pages\/2549","targetHints":{"allow":["GET"]}}],"collection":[{"href":"https:\/\/drawmybusiness.de\/en\/wp-json\/wp\/v2\/pages"}],"about":[{"href":"https:\/\/drawmybusiness.de\/en\/wp-json\/wp\/v2\/types\/page"}],"author":[{"embeddable":true,"href":"https:\/\/drawmybusiness.de\/en\/wp-json\/wp\/v2\/users\/1"}],"replies":[{"embeddable":true,"href":"https:\/\/drawmybusiness.de\/en\/wp-json\/wp\/v2\/comments?post=2549"}],"version-history":[{"count":9,"href":"https:\/\/drawmybusiness.de\/en\/wp-json\/wp\/v2\/pages\/2549\/revisions"}],"predecessor-version":[{"id":3669,"href":"https:\/\/drawmybusiness.de\/en\/wp-json\/wp\/v2\/pages\/2549\/revisions\/3669"}],"wp:attachment":[{"href":"https:\/\/drawmybusiness.de\/en\/wp-json\/wp\/v2\/media?parent=2549"}],"curies":[{"name":"wp","href":"https:\/\/api.w.org\/{rel}","templated":true}]}}