{"id":2529,"date":"2019-10-08T12:47:27","date_gmt":"2019-10-08T10:47:27","guid":{"rendered":"https:\/\/drawmybusiness.de\/?page_id=2529"},"modified":"2025-12-24T06:16:59","modified_gmt":"2025-12-24T05:16:59","slug":"lernvideoproduktion","status":"publish","type":"page","link":"https:\/\/drawmybusiness.de\/en\/lernvideoproduktion\/","title":{"rendered":"Lernvideoproduktion"},"content":{"rendered":"<section class=\"section\" id=\"section_221605531\">\n\t\t<div class=\"bg section-bg fill bg-fill  bg-loaded\" >\n\n\t\t\t\n\t\t\t\n\t\t\t\n\n\t\t<\/div>\n\n\t\t<div class=\"section-content relative\">\n\t\t\t\n\n<div class=\"row\"  id=\"row-513855438\">\n\n\n\t<div id=\"col-737469980\" class=\"col medium-4 small-12 large-4\"  >\n\t\t<div class=\"col-inner box-shadow-5 box-shadow-4-hover\"  >\n\t\t\t\n\t\t\t\n\n\t<div class=\"box has-hover   has-hover box-shadow-3 box-text-bottom\" >\n\n\t\t<div class=\"box-image\" >\n\t\t\t\t\t\t<div class=\"\" >\n\t\t\t\t<img loading=\"lazy\" decoding=\"async\" width=\"1920\" height=\"918\" src=\"https:\/\/drawmybusiness.de\/wp-content\/uploads\/2024\/04\/Titel_Lernvideo_DMBIT.webp\" class=\"attachment- size-\" alt=\"LERNVIDEOPRODUKTION - Kompaktes Lernen durch ein 2-4 min\u00fctiges Lernvideo \u2013 wir produzieren f\u00fcr Sie indviduell!\" srcset=\"https:\/\/drawmybusiness.de\/wp-content\/uploads\/2024\/04\/Titel_Lernvideo_DMBIT.webp 1920w, https:\/\/drawmybusiness.de\/wp-content\/uploads\/2024\/04\/Titel_Lernvideo_DMBIT-300x143.webp 300w, https:\/\/drawmybusiness.de\/wp-content\/uploads\/2024\/04\/Titel_Lernvideo_DMBIT-1024x490.webp 1024w, https:\/\/drawmybusiness.de\/wp-content\/uploads\/2024\/04\/Titel_Lernvideo_DMBIT-768x367.webp 768w, https:\/\/drawmybusiness.de\/wp-content\/uploads\/2024\/04\/Titel_Lernvideo_DMBIT-1536x734.webp 1536w\" sizes=\"auto, (max-width: 1920px) 100vw, 1920px\" \/>\t\t\t\t\t\t\t\t\t\t\t<\/div>\n\t\t\t\t\t<\/div>\n\n\t\t<div class=\"box-text text-center\" style=\"background-color:rgb(255, 255, 255);\">\n\t\t\t<div class=\"box-text-inner\">\n\t\t\t\t\n\n\t<div id=\"text-47653604\" class=\"text\">\n\t\t\n\n<h4>LEARNING VIDEO<\/h4>\n<div class=\"pricing-table-header\">\n<div class=\"title uppercase strong\">Dauer: 2-4 MIN.<\/div>\n<\/div>\n<div class=\"pricing-table-items items\">\n<p>Videoproduktion:<\/p>\n<h4>Preis auf Anfrage<\/h4>\n<p>Kosteng\u00fcnstige Lizenzen f\u00fcr unsere fertigen Lernvideos finden Sie in unserem <a href=\"http:\/\/www.drawmybusiness.shop\" target=\"_blank\" rel=\"noopener noreferrer\">Education store<\/a>.<\/p>\n<\/div>\n\t\t\n<style>\n#text-47653604 {\n  color: rgb(0,0,0);\n}\n#text-47653604 > * {\n  color: rgb(0,0,0);\n}\n<\/style>\n\t<\/div>\n\t\n<a href=\"https:\/\/drawmybusiness.de\/en\/kontakt\/\" target=\"_self\" class=\"button secondary\">\n    <span>Anfragen<\/span>\n  <\/a>\n\n\n\n\t\t\t<\/div>\n\t\t<\/div>\n\t<\/div>\n\t\n\n\t\t<\/div>\n\t\t\t<\/div>\n\n\t\n\n\t<div id=\"col-776449342\" class=\"col medium-8 small-12 large-8\"  >\n\t\t<div class=\"col-inner\"  >\n\t\t\t\n\t\t\t\n\n<h1>Kompaktes Lernen durch ein 2-4-min\u00fctiges Lernvideo<\/h1>\n<p>Ihr wollte eure Mitarbeitenden digital schulen oder neue Methoden in euer Unternehmen einf\u00fchren? Dann helfen euch unsere 2-4-min\u00fctigen Lernvideos!<\/p>\n<p>Denn durch diese kurzen Lernvideos k\u00f6nnt ihr Lerninhalte kompakt vorstellen und der gesamten Belegschaft in einer \u00fcbersichtlichen Form n\u00e4her bringen. Macht mit einem Lernvideo eure interne Kommunikation effizienter und digitaler.<\/p>\n<p>Nutzt die vielf\u00e4ltigen Einsatzm\u00f6glichkeiten: Ihr k\u00f6nnt das Lernvideo per E-Mail versenden, auf Webseiten nutzen, in Pr\u00e4sentationen einsetzen, in einem hausinternen Videokanal ver\u00f6ffentlichen oder in Dokumentationen und Software integrieren.<\/p>\n<h2>Unser Vorgehen bei der individuellen Videoproduktion<\/h2>\n<ul>\n<li>Kickoff-Workshop zur Abstimmung der Inhalte und des Designs mit euch<\/li>\n<li>Erstellung eines Textvorschlages (Storyboard) inkl. eurer Abnahme<\/li>\n<li>Produktion 1. Version des Videos<\/li>\n<li>Optional: Revisionsschleife f\u00fcr eure \u00c4nderungen<\/li>\n<li>Produktion und \u00dcbergabe des finalen Videos<\/li>\n<\/ul>\n<h2>&#8230; und noch mehr: Unser Bildungsshop und unser Erkl\u00e4rvideo-Workshop<\/h2>\n<p>\u00dcber unseren <a href=\"http:\/\/drawmybusiness.shop\" target=\"_blank\" rel=\"noopener noreferrer\">Education store<\/a> k\u00f6nnt ihr kosteng\u00fcnstig im Lizenzmodell fertige Lernvideos einkaufen oder wenn ihr selbst in die Videoproduktion einsteigen m\u00f6chten, bieten wir euch unseren beliebten <a href=\"https:\/\/drawmybusiness.de\/wp-content\/uploads\/2024\/04\/Praxisworkshop_Erklaervideos_selbst_erstellen_2024.pdf\" target=\"_blank\" rel=\"noopener\">Praxisworkshop<\/a> an.<\/p>\n\n\t\t<\/div>\n\t\t\t<\/div>\n\n\t\n\n\t<div id=\"col-1502842559\" class=\"col small-12 large-12\"  >\n\t\t<div class=\"col-inner\"  >\n\t\t\t\n\t\t\t\n\n<h2><strong>Unsere Beispielvideos<br \/><\/strong><\/h2>\n<p>Weitere Beispiele findet ihr in unserem <a target=\"_blank\" rel=\"noopener noreferrer\">Education store<\/a>.<\/p>\n<div class=\"row\"  id=\"row-252656838\">\n\n\n\t<div id=\"col-896882438\" class=\"col medium-4 small-12 large-4\"  >\n\t\t<div class=\"col-inner\"  >\n\t\t\t\n\t\t\t\n\n<h5 class=\"title style-scope ytd-video-primary-info-renderer uppercase\">55 Gesch\u00e4ftsmodellmuster<\/h5>\n<p><iframe loading=\"lazy\" src=\"https:\/\/www.youtube-nocookie.com\/embed\/KNlTJOoUPAY?rel=0\" width=\"400\" height=\"225\" frameborder=\"0\" allowfullscreen=\"allowfullscreen\"><\/iframe><\/p>\n\n\t\t<\/div>\n\t\t\t<\/div>\n\n\t\n\n\t<div id=\"col-995106271\" class=\"col medium-4 small-12 large-4\"  >\n\t\t<div class=\"col-inner\"  >\n\t\t\t\n\t\t\t\n\n<h5 class=\"title style-scope ytd-video-primary-info-renderer uppercase\">Kanban<\/h5>\n<p><iframe loading=\"lazy\" src=\"https:\/\/www.youtube-nocookie.com\/embed\/5ENlu6cWVFQ?rel=0\" width=\"400\" height=\"225\" frameborder=\"0\" allowfullscreen=\"allowfullscreen\"><\/iframe><\/p>\n\n\t\t<\/div>\n\t\t\t<\/div>\n\n\t\n\n\t<div id=\"col-536704270\" class=\"col medium-4 small-12 large-4\"  >\n\t\t<div class=\"col-inner\"  >\n\t\t\t\n\t\t\t\n\n<h5 class=\"title style-scope ytd-video-primary-info-renderer uppercase\">Kanban<\/h5>\n<p><iframe loading=\"lazy\" src=\"https:\/\/www.youtube-nocookie.com\/embed\/_3Oy1jvhXME?rel=0\" width=\"400\" height=\"225\" frameborder=\"0\" allowfullscreen=\"allowfullscreen\"><\/iframe><\/p>\n\n\t\t<\/div>\n\t\t\t<\/div>\n\n\t\n\n<\/div>\n\n\t\t<\/div>\n\t\t\t<\/div>\n\n\t\n\n<\/div>\n<div class=\"row\"  id=\"row-457411791\">\n\n\n\t<div id=\"col-1662325122\" class=\"col small-12 large-12\"  >\n\t\t<div class=\"col-inner\"  >\n\t\t\t\n\t\t\t\n\n<h2>Unser beliebter Erkl\u00e4rvideo-Workshop<\/h2>\n<p>M\u00f6chtet ihr, dass eure Mitarbeitenden selbst in die Videoproduktion einsteigen, dann bieten wir euch unseren viel gebuchten Workshop an.<\/p>\n\n\t\t<\/div>\n\t\t\t<\/div>\n\n\t\n\n<\/div>\n<div class=\"row\"  id=\"row-1751788035\">\n\n\n\t<div id=\"col-676250662\" class=\"col medium-6 small-12 large-6\"  >\n\t\t<div class=\"col-inner\"  >\n\t\t\t\n\t\t\t\n\n\t<div class=\"img has-hover x md-x lg-x y md-y lg-y\" id=\"image_1156679193\">\n\t\t<a class=\"\" href=\"https:\/\/drawmybusiness.de\/wp-content\/uploads\/2024\/04\/Praxisworkshop_Erklaervideos_selbst_erstellen-1.pdf\">\t\t\t\t\t\t<div class=\"img-inner dark\" >\n\t\t\t<img loading=\"lazy\" decoding=\"async\" width=\"724\" height=\"1024\" src=\"https:\/\/drawmybusiness.de\/wp-content\/uploads\/2024\/04\/Praxisworkshop-Erklaervideos-selbst-erstellen-724x1024.webp\" class=\"attachment-large size-large\" alt=\"Unser Praxisworkshop: &quot;Erkl\u00e4rvideos selbst erstellen&quot; - Erstellen Sie unter unserer Anleitung ihr erstes fachbezogenes Erkl\u00e4rvideo.\" srcset=\"https:\/\/drawmybusiness.de\/wp-content\/uploads\/2024\/04\/Praxisworkshop-Erklaervideos-selbst-erstellen-724x1024.webp 724w, https:\/\/drawmybusiness.de\/wp-content\/uploads\/2024\/04\/Praxisworkshop-Erklaervideos-selbst-erstellen-212x300.webp 212w, https:\/\/drawmybusiness.de\/wp-content\/uploads\/2024\/04\/Praxisworkshop-Erklaervideos-selbst-erstellen-768x1086.webp 768w, https:\/\/drawmybusiness.de\/wp-content\/uploads\/2024\/04\/Praxisworkshop-Erklaervideos-selbst-erstellen.webp 794w\" sizes=\"auto, (max-width: 724px) 100vw, 724px\" \/>\t\t\t\t\t\t\n\t\t\t\t\t<\/div>\n\t\t\t\t\t\t<\/a>\t\t\n<style>\n#image_1156679193 {\n  width: 100%;\n}\n<\/style>\n\t<\/div>\n\t\n\n\n\t\t<\/div>\n\t\t\t<\/div>\n\n\t\n\n<\/div>\n\n\t\t<\/div>\n\n\t\t\n<style>\n#section_221605531 {\n  padding-top: 30px;\n  padding-bottom: 30px;\n}\n<\/style>\n\t<\/section>\n\t\n\t<section class=\"section\" id=\"section_1368097949\">\n\t\t<div class=\"bg section-bg fill bg-fill  bg-loaded\" >\n\n\t\t\t\n\t\t\t<div class=\"section-bg-overlay absolute fill\"><\/div>\n\t\t\t\n\n\t\t<\/div>\n\n\t\t<div class=\"section-content relative\">\n\t\t\t\n\n<div class=\"row row-large align-middle\"  id=\"row-1473676274\">\n\n\n\t<div id=\"col-593898549\" class=\"col medium-9 small-12 large-9\"  >\n\t\t<div class=\"col-inner text-left\"  >\n\t\t\t\n\t\t\t\n\n<h2 class=\"uppercase\">DO YOU HAVE ANY QUESTIONS?<\/h2>\n<p>We will be happy to help you with any questions free of charge. Simply send us an inquiry. <br \/>Wir freuen uns auf Sie!<\/p>\n<a href=\"https:\/\/drawmybusiness.de\/en\/kontakt\/\" target=\"_self\" class=\"button secondary\">\n    <span>KOSTENLOSE ANFRAGE STELLEN<\/span>\n  <\/a>\n\n\n\n\t\t<\/div>\n\t\t\t<\/div>\n\n\t\n\n\t<div id=\"col-1064256621\" class=\"col medium-3 small-12 large-3\"  >\n\t\t<div class=\"col-inner\"  >\n\t\t\t\n\t\t\t\n\n    <div class=\"box has-hover has-hover box-text-bottom\" >\n\n                  <div class=\"box-image\" style=\"width:80%;\">\n           <div class=\"box-image-inner image-cover\" style=\"border-radius:100%;padding-top:100{ba0834477fb9117f7b062407d171103b95c9677c9887b9110e937f9e3ed6d82a};\">\n              <img loading=\"lazy\" decoding=\"async\" width=\"2180\" height=\"2181\" src=\"https:\/\/drawmybusiness.de\/wp-content\/uploads\/2018\/06\/Anabel-Derlam2_cr.jpg\" class=\"attachment- size-\" alt=\"\" srcset=\"https:\/\/drawmybusiness.de\/wp-content\/uploads\/2018\/06\/Anabel-Derlam2_cr.jpg 2180w, https:\/\/drawmybusiness.de\/wp-content\/uploads\/2018\/06\/Anabel-Derlam2_cr-300x300.jpg 300w, https:\/\/drawmybusiness.de\/wp-content\/uploads\/2018\/06\/Anabel-Derlam2_cr-100x100.jpg 100w, https:\/\/drawmybusiness.de\/wp-content\/uploads\/2018\/06\/Anabel-Derlam2_cr-600x600.jpg 600w, https:\/\/drawmybusiness.de\/wp-content\/uploads\/2018\/06\/Anabel-Derlam2_cr-150x150.jpg 150w, https:\/\/drawmybusiness.de\/wp-content\/uploads\/2018\/06\/Anabel-Derlam2_cr-768x768.jpg 768w, https:\/\/drawmybusiness.de\/wp-content\/uploads\/2018\/06\/Anabel-Derlam2_cr-1024x1024.jpg 1024w\" sizes=\"auto, (max-width: 2180px) 100vw, 2180px\" \/>                         <\/div>\n          <\/div>\n         \n          <div class=\"box-text text-center\" >\n                <div class=\"box-text-inner\">\n                  <h4 class=\"uppercase\">\n                    <span class=\"person-name\">Anabel Derlam<\/span><br\/>\n                    <span class=\"person-title is-small thin-font op-7\">\n                      GEsch\u00e4ftsf\u00fchrerin                    <\/span>\n                  <\/h4>\n                 <div class=\"social-icons follow-icons\" ><a href=\"https:\/\/www.facebook.com\/Institut-f\u00fcr-Digitalisierung-und-Digital-Storytelling-1439771922744710\/\" target=\"_blank\" data-label=\"Facebook\" rel=\"noopener noreferrer nofollow\" class=\"icon button circle is-outline facebook tooltip\" title=\"Follow on Facebook\"><i class=\"icon-facebook\" ><\/i><\/a><a href=\"mailto:Info@draw-my-business.de\" data-label=\"E-mail\"  rel=\"nofollow\" class=\"icon button circle is-outline  email tooltip\" title=\"Send us an email\"><i class=\"icon-envelop\" ><\/i><\/a><a href=\"https:\/\/www.youtube.com\/channel\/UCrJXFECCf80wCzW3EeMkCtA\" target=\"_blank\" rel=\"noopener noreferrer nofollow\" data-label=\"YouTube\" class=\"icon button circle is-outline  youtube tooltip\" title=\"Follow on YouTube\"><i class=\"icon-youtube\" ><\/i><\/a><\/div>                 \n\n<div class=\"row\"  id=\"row-1051394405\">\n\n\n\t<div id=\"col-330224514\" class=\"col medium-6 small-12 large-6\"  >\n\t\t<div class=\"col-inner\"  >\n\t\t\t\n\t\t\t\n\n\n\t\t<\/div>\n\t\t\t<\/div>\n\n\t\n\n<\/div>\n\n                <\/div>\n          <\/div>\n    <\/div>\n\n    \n    \n\t<div class=\"img has-hover x md-x lg-x y md-y lg-y\" id=\"image_192863213\">\n\t\t\t\t\t\t\t\t<div class=\"img-inner box-shadow-2 dark\" >\n\t\t\t\t\t\t\t\t\t\n\t\t\t\t\t<\/div>\n\t\t\t\t\t\t\t\t\n<style>\n#image_192863213 {\n  width: 100%;\n}\n<\/style>\n\t<\/div>\n\t\n\n\n\t\t<\/div>\n\t\t\t<\/div>\n\n\t\n\n<\/div>\n\n\t\t<\/div>\n\n\t\t\n<style>\n#section_1368097949 {\n  padding-top: 14px;\n  padding-bottom: 14px;\n  background-color: rgb(110, 106, 106);\n}\n#section_1368097949 .section-bg-overlay {\n  background-color: rgba(255, 255, 255, 0.85);\n}\n<\/style>\n\t<\/section>","protected":false},"excerpt":{"rendered":"","protected":false},"author":1,"featured_media":0,"parent":0,"menu_order":0,"comment_status":"closed","ping_status":"closed","template":"page-blank.php","meta":{"jetpack_post_was_ever_published":false,"two_page_speed":{"previous_score":{"desktop_score":50,"desktop_tti":"5.9\u00a0","mobile_score":28.000000000000004,"mobile_tti":"30.0\u00a0","date":"15.04.2024 01:04:47 pm","status":"completed"},"current_score":{"desktop_score":63,"desktop_tti":"5.8\u00a0","mobile_score":95,"mobile_tti":"2.5\u00a0","date":"31.10.2024 04:17:52 pm","status":"error_no_score"}},"footnotes":""},"class_list":["post-2529","page","type-page","status-publish","hentry"],"jetpack_sharing_enabled":true,"jetpack_shortlink":"https:\/\/wp.me\/PaKa6d-EN","_links":{"self":[{"href":"https:\/\/drawmybusiness.de\/en\/wp-json\/wp\/v2\/pages\/2529","targetHints":{"allow":["GET"]}}],"collection":[{"href":"https:\/\/drawmybusiness.de\/en\/wp-json\/wp\/v2\/pages"}],"about":[{"href":"https:\/\/drawmybusiness.de\/en\/wp-json\/wp\/v2\/types\/page"}],"author":[{"embeddable":true,"href":"https:\/\/drawmybusiness.de\/en\/wp-json\/wp\/v2\/users\/1"}],"replies":[{"embeddable":true,"href":"https:\/\/drawmybusiness.de\/en\/wp-json\/wp\/v2\/comments?post=2529"}],"version-history":[{"count":21,"href":"https:\/\/drawmybusiness.de\/en\/wp-json\/wp\/v2\/pages\/2529\/revisions"}],"predecessor-version":[{"id":3993,"href":"https:\/\/drawmybusiness.de\/en\/wp-json\/wp\/v2\/pages\/2529\/revisions\/3993"}],"wp:attachment":[{"href":"https:\/\/drawmybusiness.de\/en\/wp-json\/wp\/v2\/media?parent=2529"}],"curies":[{"name":"wp","href":"https:\/\/api.w.org\/{rel}","templated":true}]}}