{"id":2500,"date":"2019-10-08T11:05:41","date_gmt":"2019-10-08T09:05:41","guid":{"rendered":"https:\/\/drawmybusiness.de\/?page_id=2500"},"modified":"2024-12-18T07:39:40","modified_gmt":"2024-12-18T06:39:40","slug":"videokursproduktion","status":"publish","type":"page","link":"https:\/\/drawmybusiness.de\/en\/videokursproduktion\/","title":{"rendered":"Videokursproduktion"},"content":{"rendered":"<section class=\"section\" id=\"section_2012685766\">\n\t\t<div class=\"bg section-bg fill bg-fill  bg-loaded\" >\n\n\t\t\t\n\t\t\t\n\t\t\t\n\n\t\t<\/div>\n\n\t\t<div class=\"section-content relative\">\n\t\t\t\n\n<div class=\"row\"  id=\"row-1537773060\">\n\n\n\t<div id=\"col-1511279752\" class=\"col medium-4 small-12 large-4\"  >\n\t\t<div class=\"col-inner box-shadow-5 box-shadow-4-hover\"  >\n\t\t\t\n\t\t\t\n\n\t<div class=\"box has-hover   has-hover box-text-bottom\" >\n\n\t\t<div class=\"box-image\" >\n\t\t\t\t\t\t<div class=\"\" >\n\t\t\t\t<img loading=\"lazy\" decoding=\"async\" width=\"2560\" height=\"1225\" src=\"https:\/\/drawmybusiness.de\/wp-content\/uploads\/2024\/04\/Bild1-scaled.webp\" class=\"attachment- size-\" alt=\"VIDEOKURSPRODUKTION Wir erstellen euren Videokurs in Eigenregie oder professionalisieren euren Kurs mit euch gemeinsam!\" srcset=\"https:\/\/drawmybusiness.de\/wp-content\/uploads\/2024\/04\/Bild1-scaled.webp 2560w, https:\/\/drawmybusiness.de\/wp-content\/uploads\/2024\/04\/Bild1-300x144.webp 300w, https:\/\/drawmybusiness.de\/wp-content\/uploads\/2024\/04\/Bild1-1024x490.webp 1024w, https:\/\/drawmybusiness.de\/wp-content\/uploads\/2024\/04\/Bild1-768x368.webp 768w, https:\/\/drawmybusiness.de\/wp-content\/uploads\/2024\/04\/Bild1-1536x735.webp 1536w, https:\/\/drawmybusiness.de\/wp-content\/uploads\/2024\/04\/Bild1-2048x980.webp 2048w\" sizes=\"auto, (max-width: 2560px) 100vw, 2560px\" \/>\t\t\t\t\t\t\t\t\t\t\t<\/div>\n\t\t\t\t\t<\/div>\n\n\t\t<div class=\"box-text text-center\" style=\"background-color:rgb(255, 255, 255);\">\n\t\t\t<div class=\"box-text-inner\">\n\t\t\t\t\n\n\t<div id=\"text-807819167\" class=\"text\">\n\t\t\n\n<h4>VIDEO COURSE<\/h4>\n<div class=\"pricing-table-header\">\n<div class=\"title uppercase strong\">Dauer: ca. 60 Min.<\/div>\n<\/div>\n<div class=\"pricing-table-items items\">\n<p><strong>Produktion:<\/strong><\/p>\n<p>29.000,\u2013 \u20ac*<\/p>\n<\/div>\n<div class=\"pricing-table-items items\">\n<p>Kosteng\u00fcnstige Lizenzen f\u00fcr unsere fertigen Videokurse finden Sie in unserem <a href=\"http:\/\/www.drawmybusiness.shop\" target=\"_blank\" rel=\"noopener noreferrer\">Education store<\/a>.<\/p>\n<\/div>\n\t\t\n<style>\n#text-807819167 {\n  color: rgb(0, 0, 0);\n}\n#text-807819167 > * {\n  color: rgb(0, 0, 0);\n}\n<\/style>\n\t<\/div>\n\t\n<a href=\"https:\/\/drawmybusiness.de\/en\/kontakt\/\" target=\"_self\" class=\"button secondary box-shadow-3\">\n    <span>Anfragen<\/span>\n  <\/a>\n\n\n\n\t\t\t<\/div>\n\t\t<\/div>\n\t<\/div>\n\t\n\n\t\t<\/div>\n\t\t\t<\/div>\n\n\t\n\n\t<div id=\"col-453419922\" class=\"col medium-8 small-12 large-8\"  >\n\t\t<div class=\"col-inner\"  >\n\t\t\t\n\t\t\t\n\n<h1>Wir produzieren euren Videokurs!<\/h1>\n<p>Lange Lernzeiten werden durch E-Learning Videokurse abgek\u00fcrzt und die Kosten f\u00fcr Schulungen entfallen zudem langfristig, da die Videokurse multifunktional verwendet werden k\u00f6nnen. Unterschiedliche Wissensst\u00e4nde k\u00f6nnen einfach angeglichen werden, so dass selbst bei Personalwechsel das Entwicklerteam schnell weiterarbeiten kann.<\/p>\n<h2>Videokurs-Produktion speziell zu eurem Fachthema<\/h2>\n<p>Wir produzieren speziell f\u00fcr Sie einen Videokurs und das Gute ist, dass wir das IT-, Management- und Lehr-Knowhow haben, um in Eigenregie den Videokurs f\u00fcr euer Fachthema zu erstellen. Ihr gebt uns das Thema, wir stimmen mit euch die Inhalte ab und erstellen in Eigenregie den gesamten Videokurs. Nat\u00fcrlich habt ihr auch hier die M\u00f6glichkeit eine \u00c4nderungsschleife f\u00fcr jedes Lernvideo in Anspruch zu nehmen.<\/p>\n<h2>Unsere fertigen Videokurse aus unserem Bildungsshop<\/h2>\n<div class=\"row\"  id=\"row-229694254\">\n\n\n\t<div id=\"col-1930084228\" class=\"col medium-2 small-12 large-2\"  >\n\t\t<div class=\"col-inner\"  >\n\t\t\t\n\t\t\t\n\n\t<div class=\"img has-hover x md-x lg-x y md-y lg-y\" id=\"image_1601568090\">\n\t\t\t\t\t\t\t\t<div class=\"img-inner dark\" >\n\t\t\t<img loading=\"lazy\" decoding=\"async\" width=\"1020\" height=\"1020\" src=\"https:\/\/drawmybusiness.de\/wp-content\/uploads\/2019\/10\/shopping-cart-1105049_1280-1024x1024.png\" class=\"attachment-large size-large\" alt=\"\" srcset=\"https:\/\/drawmybusiness.de\/wp-content\/uploads\/2019\/10\/shopping-cart-1105049_1280-1024x1024.png 1024w, https:\/\/drawmybusiness.de\/wp-content\/uploads\/2019\/10\/shopping-cart-1105049_1280-150x150.png 150w, https:\/\/drawmybusiness.de\/wp-content\/uploads\/2019\/10\/shopping-cart-1105049_1280-300x300.png 300w, https:\/\/drawmybusiness.de\/wp-content\/uploads\/2019\/10\/shopping-cart-1105049_1280-768x768.png 768w, https:\/\/drawmybusiness.de\/wp-content\/uploads\/2019\/10\/shopping-cart-1105049_1280.png 1280w\" sizes=\"auto, (max-width: 1020px) 100vw, 1020px\" \/>\t\t\t\t\t\t\n\t\t\t\t\t<\/div>\n\t\t\t\t\t\t\t\t\n<style>\n#image_1601568090 {\n  width: 100%;\n}\n<\/style>\n\t<\/div>\n\t\n\n\n\t\t<\/div>\n\t\t\t<\/div>\n\n\t\n\n\t<div id=\"col-122373358\" class=\"col medium-10 small-12 large-10\"  >\n\t\t<div class=\"col-inner\"  >\n\t\t\t\n\t\t\t\n\n<p>\u00dcber unseren <a href=\"http:\/\/drawmybusiness.shop\" target=\"_blank\" rel=\"noopener noreferrer\">Education store<\/a> k\u00f6nnt ihr kosteng\u00fcnstig fertige Lernvideos, Videokurse und andere digitalen Lernmedien im Lizenzmodell einkaufen.<\/p>\n\n\t\t<\/div>\n\t\t\t<\/div>\n\n\t\n\n<\/div>\n\n\t\t<\/div>\n\t\t\t<\/div>\n\n\t\n\n\t<div id=\"col-1715925108\" class=\"col small-12 large-12\"  >\n\t\t<div class=\"col-inner\"  >\n\t\t\t\n\t\t\t\n\n<div class=\"row\"  id=\"row-218134133\">\n\n\n\t<div id=\"col-596202367\" class=\"col medium-4 small-12 large-4\"  >\n\t\t<div class=\"col-inner\"  >\n\t\t\t\n\t\t\t\n\n\t<div class=\"box has-hover   has-hover box-shadow-5 box-shadow-4-hover box-text-bottom\" >\n\n\t\t<div class=\"box-image\" >\n\t\t\t\t\t\t<div class=\"\" >\n\t\t\t\t<img loading=\"lazy\" decoding=\"async\" width=\"1920\" height=\"918\" src=\"https:\/\/drawmybusiness.de\/wp-content\/uploads\/2024\/04\/achievement-3797955_1920_DMBIT.webp\" class=\"attachment- size-\" alt=\"\" srcset=\"https:\/\/drawmybusiness.de\/wp-content\/uploads\/2024\/04\/achievement-3797955_1920_DMBIT.webp 1920w, https:\/\/drawmybusiness.de\/wp-content\/uploads\/2024\/04\/achievement-3797955_1920_DMBIT-300x143.webp 300w, https:\/\/drawmybusiness.de\/wp-content\/uploads\/2024\/04\/achievement-3797955_1920_DMBIT-1024x490.webp 1024w, https:\/\/drawmybusiness.de\/wp-content\/uploads\/2024\/04\/achievement-3797955_1920_DMBIT-768x367.webp 768w, https:\/\/drawmybusiness.de\/wp-content\/uploads\/2024\/04\/achievement-3797955_1920_DMBIT-1536x734.webp 1536w\" sizes=\"auto, (max-width: 1920px) 100vw, 1920px\" \/>\t\t\t\t\t\t\t\t\t\t\t<\/div>\n\t\t\t\t\t<\/div>\n\n\t\t<div class=\"box-text text-center\" style=\"background-color:rgb(255, 255, 255);\">\n\t\t\t<div class=\"box-text-inner\">\n\t\t\t\t\n\n\t<div id=\"text-2135403228\" class=\"text\">\n\t\t\n\n<h4>GEMEINSAMER VIDEOKURS<\/h4>\n<div class=\"pricing-table-header\">\n<div>\u00a0<\/div>\n<div class=\"title uppercase strong\">DAUER IHRES VIDEOMATERIALS: 60 MIN.<\/div>\n<p><strong>Beratung &amp; Unterst\u00fctzung:<\/strong><\/p>\n<\/div>\n<div class=\"pricing-table-items items\">\n<p>4.990,\u2013 \u20ac zzgl. USt.<\/p>\n<\/div>\n\t\t\n<style>\n#text-2135403228 {\n  color: rgb(0,0,0);\n}\n#text-2135403228 > * {\n  color: rgb(0,0,0);\n}\n<\/style>\n\t<\/div>\n\t\n<a href=\"https:\/\/drawmybusiness.de\/en\/kontakt\/\" target=\"_self\" class=\"button secondary box-shadow-3\">\n    <span>Anfragen<\/span>\n  <\/a>\n\n\n\n\t\t\t<\/div>\n\t\t<\/div>\n\t<\/div>\n\t\n\n\t\t<\/div>\n\t\t\t<\/div>\n\n\t\n\n\t<div id=\"col-1734345423\" class=\"col medium-8 small-12 large-8\"  >\n\t\t<div class=\"col-inner\"  >\n\t\t\t\n\t\t\t\n\n<h2>Aus euren Videoaufnahmen machen wir zusammen einen tollen Videokurs!<\/h2>\n<p>Ihr habt bereits Videoaufnahmen gemacht und m\u00f6chtet nun einen professionellen Videokurs mit Lernvideos erstellen oder ihr plant einen ersten Videokurs selbst zu erstellen, ben\u00f6tigt aber noch Unterst\u00fctzung?<\/p>\n<p>Eure vorhandenen Videoaufnahmen sind die Basis. Wir bringen euch bei, wie ihr Lernvideos zu eurem Videokurs selbst zusammenschneidet und kreativ aufwertet. Wir beraten euch w\u00e4hrend des gesamten Prozesses in Sachen Technik, Struktur, Videol\u00e4nge, bildhafte Darstellung der Inhalte usw.<\/p>\n\n\t\t<\/div>\n\t\t\t<\/div>\n\n\t\n\n<\/div>\n<h2 style=\"text-align: left;\"><strong>Beispiele Videokurse<\/strong><\/h2>\n<div class=\"row\"  id=\"row-1789053304\">\n\n\n\t<div id=\"col-56790423\" class=\"col small-12 large-12\"  >\n\t\t<div class=\"col-inner\"  >\n\t\t\t\n\t\t\t\n\n<h3>Digitalisierungstrends<\/h3>\n<p class=\"clp-lead__headline\" data-purpose=\"lead-headline\"><strong>Lerne die vielf\u00e4ltigen Trends und Strategien der Digitalisierung kennen!<\/strong><\/p>\n<div class=\"row\"  id=\"row-525281516\">\n\n\n\t<div id=\"col-1069782017\" class=\"col medium-4 small-12 large-4\"  >\n\t\t<div class=\"col-inner\"  >\n\t\t\t\n\t\t\t\n\n<p><iframe loading=\"lazy\" src=\"https:\/\/www.youtube-nocookie.com\/embed\/K1f7vgONaWI?rel=0\" allowfullscreen=\"allowfullscreen\" width=\"400\" height=\"225\" frameborder=\"0\"><\/iframe><\/p>\n\n\t\t<\/div>\n\t\t\t<\/div>\n\n\t\n\n\t<div id=\"col-1788013661\" class=\"col medium-8 small-12 large-8\"  >\n\t\t<div class=\"col-inner\"  >\n\t\t\t\n\t\t\t\n\n<p data-pm-slice=\"1 1 &#091;&#093;\">Die Digitalisierung ist ein fortlaufender Prozess, der f\u00fcr alle Unternehmen relevant ist. Aber nicht nur gro\u00dfe Konzerne, sondern auch kleine mittelst\u00e4ndische Unternehmen und selbst Schulen und Hochschulen k\u00f6nnen von aktuellen Trends der Digitalisierung profitieren. Andererseits k\u00f6nnen etablierte Unternehmen auch abgeh\u00e4ngt werden, wenn sie sich nicht auf Innovationen einlassen.<\/p>\n<p>Nat\u00fcrlich sind nicht alle Digitalisierungstrends f\u00fcr jedermann geeignet. In diesem Digitalisierungskurs geben wir Euch daher einen umfangreichen \u00dcberblick \u00fcber die zahlreichen Themen der Digitalisierung. Von IT-Trends wie Big Data oder KI \u00fcber Gamification und Social Media bis hin zu Unternehmenstrends wie Business Intelligence oder Process Mining..<\/p>\n\n\t\t<\/div>\n\t\t\t<\/div>\n\n\t\n\n<\/div>\n\n\t\t<\/div>\n\t\t\t<\/div>\n\n\t\n\n<\/div>\n<div class=\"row\"  id=\"row-218020732\">\n\n\n\t<div id=\"col-28946040\" class=\"col small-12 large-12\"  >\n\t\t<div class=\"col-inner\"  >\n\t\t\t\n\t\t\t\n\n<h3>Innoviere Dein Gesch\u00e4ftsmodell<\/h3>\n<p><strong>mit 55 erfolgreich erprobten Gesch\u00e4ftsmodellmustern aus dem St. Galler Business Model Navigator<\/strong><\/p>\n<div class=\"row\"  id=\"row-1989557882\">\n\n\n\t<div id=\"col-262364072\" class=\"col medium-4 small-12 large-4\"  >\n\t\t<div class=\"col-inner\"  >\n\t\t\t\n\t\t\t\n\n<p><iframe loading=\"lazy\" src=\"https:\/\/www.youtube-nocookie.com\/embed\/mqN7x0A-e-w?rel=0\" allowfullscreen=\"allowfullscreen\" width=\"400\" height=\"225\" frameborder=\"0\"><\/iframe><\/p>\n\n\t\t<\/div>\n\t\t\t<\/div>\n\n\t\n\n\t<div id=\"col-1030566415\" class=\"col medium-8 small-12 large-8\"  >\n\t\t<div class=\"col-inner\"  >\n\t\t\t\n\t\t\t\n\n<p>Wolltet Ihr schon immer mal wissen, wie <em>Nespresso <\/em>es schafft, dass Kunden \u00fcber 80\u20ac pro Kilogramm Kaffee bezahlen? Oder wie <em>Netflix <\/em>das Videothekengesch\u00e4ft revolutioniert hat ohne auch nur eine einzige eigene Videothek zu betreiben?<\/p>\n<p>Im Zeitalter von Gesch\u00e4ftsmodellen findet der Wettkampf zwischen Unternehmen nicht mehr ausschlie\u00dflich zwischen deren Produkten und Dienstleistungen statt, sondern vielmehr zwischen <em>Gesch\u00e4ftsmodellen<\/em>. Ein innovatives, an die Umwelt optimal angepasstes Gesch\u00e4ftsmodell kann Euch den entscheidenden <em>Wettbewerbsvorteil <\/em>liefern! In diesem Kurs lernt Ihr die 55 Gesch\u00e4ftsmodellmuster aus dem <strong>St. Galler Business Model Navigator<\/strong> kennen. \u00dcber <em>100 Beispiele<\/em> von erfolgreichen internationalen und deutschen Innovatoren wie <em>Amazon<\/em>, <em>Google <\/em>oder <em>SAP <\/em>zeigen Euch, wie das eigene Gesch\u00e4ftsmodell durch ein oder eine Kombination mehrerer Gesch\u00e4ftsmodellmuster innoviert werden kann.<\/p>\n\n\t\t<\/div>\n\t\t\t<\/div>\n\n\t\n\n<\/div>\n\n\t\t<\/div>\n\t\t\t<\/div>\n\n\t\n\n<\/div>\n\n\t\t<\/div>\n\t\t\t<\/div>\n\n\t\n\n<\/div>\n\n\t\t<\/div>\n\n\t\t\n<style>\n#section_2012685766 {\n  padding-top: 30px;\n  padding-bottom: 30px;\n}\n<\/style>\n\t<\/section>\n\t\n\t<section class=\"section\" id=\"section_1702392724\">\n\t\t<div class=\"bg section-bg fill bg-fill  bg-loaded\" >\n\n\t\t\t\n\t\t\t<div class=\"section-bg-overlay absolute fill\"><\/div>\n\t\t\t\n\n\t\t<\/div>\n\n\t\t<div class=\"section-content relative\">\n\t\t\t\n\n<div class=\"row row-large align-middle\"  id=\"row-1766944348\">\n\n\n\t<div id=\"col-1149132690\" class=\"col medium-9 small-12 large-9\"  >\n\t\t<div class=\"col-inner text-left\"  >\n\t\t\t\n\t\t\t\n\n<h2 class=\"uppercase\">DO YOU HAVE ANY QUESTIONS?<\/h2>\n<p>We will be happy to help you with any questions free of charge. Simply send us an inquiry. <br \/>Wir freuen uns auf Sie!<\/p>\n<a href=\"https:\/\/drawmybusiness.de\/en\/kontakt\/\" target=\"_self\" class=\"button secondary\">\n    <span>KOSTENLOSE ANFRAGE STELLEN<\/span>\n  <\/a>\n\n\n\n\t\t<\/div>\n\t\t\t<\/div>\n\n\t\n\n\t<div id=\"col-652806061\" class=\"col medium-3 small-12 large-3\"  >\n\t\t<div class=\"col-inner\"  >\n\t\t\t\n\t\t\t\n\n    <div class=\"box has-hover has-hover box-text-bottom\" >\n\n                  <div class=\"box-image\" style=\"width:80%;\">\n           <div class=\"box-image-inner image-cover\" style=\"border-radius:100%;padding-top:100{ba0834477fb9117f7b062407d171103b95c9677c9887b9110e937f9e3ed6d82a};\">\n              <img loading=\"lazy\" decoding=\"async\" width=\"2180\" height=\"2181\" src=\"https:\/\/drawmybusiness.de\/wp-content\/uploads\/2018\/06\/Anabel-Derlam2_cr.jpg\" class=\"attachment- size-\" alt=\"\" srcset=\"https:\/\/drawmybusiness.de\/wp-content\/uploads\/2018\/06\/Anabel-Derlam2_cr.jpg 2180w, https:\/\/drawmybusiness.de\/wp-content\/uploads\/2018\/06\/Anabel-Derlam2_cr-300x300.jpg 300w, https:\/\/drawmybusiness.de\/wp-content\/uploads\/2018\/06\/Anabel-Derlam2_cr-100x100.jpg 100w, https:\/\/drawmybusiness.de\/wp-content\/uploads\/2018\/06\/Anabel-Derlam2_cr-600x600.jpg 600w, https:\/\/drawmybusiness.de\/wp-content\/uploads\/2018\/06\/Anabel-Derlam2_cr-150x150.jpg 150w, https:\/\/drawmybusiness.de\/wp-content\/uploads\/2018\/06\/Anabel-Derlam2_cr-768x768.jpg 768w, https:\/\/drawmybusiness.de\/wp-content\/uploads\/2018\/06\/Anabel-Derlam2_cr-1024x1024.jpg 1024w\" sizes=\"auto, (max-width: 2180px) 100vw, 2180px\" \/>                         <\/div>\n          <\/div>\n         \n          <div class=\"box-text text-center\" >\n                <div class=\"box-text-inner\">\n                  <h4 class=\"uppercase\">\n                    <span class=\"person-name\">Anabel Derlam<\/span><br\/>\n                    <span class=\"person-title is-small thin-font op-7\">\n                      GEsch\u00e4ftsf\u00fchrerin                    <\/span>\n                  <\/h4>\n                 <div class=\"social-icons follow-icons\" ><a href=\"https:\/\/www.facebook.com\/Institut-f\u00fcr-Digitalisierung-und-Digital-Storytelling-1439771922744710\/\" target=\"_blank\" data-label=\"Facebook\" rel=\"noopener noreferrer nofollow\" class=\"icon button circle is-outline facebook tooltip\" title=\"Follow on Facebook\"><i class=\"icon-facebook\" ><\/i><\/a><a href=\"mailto:Info@draw-my-business.de\" data-label=\"E-mail\"  rel=\"nofollow\" class=\"icon button circle is-outline  email tooltip\" title=\"Send us an email\"><i class=\"icon-envelop\" ><\/i><\/a><a href=\"https:\/\/www.youtube.com\/channel\/UCrJXFECCf80wCzW3EeMkCtA\" target=\"_blank\" rel=\"noopener noreferrer nofollow\" data-label=\"YouTube\" class=\"icon button circle is-outline  youtube tooltip\" title=\"Follow on YouTube\"><i class=\"icon-youtube\" ><\/i><\/a><\/div>                 \n\n<div class=\"row\"  id=\"row-1343100640\">\n\n\n\t<div id=\"col-1947921663\" class=\"col medium-6 small-12 large-6\"  >\n\t\t<div class=\"col-inner\"  >\n\t\t\t\n\t\t\t\n\n\n\t\t<\/div>\n\t\t\t<\/div>\n\n\t\n\n<\/div>\n\n                <\/div>\n          <\/div>\n    <\/div>\n\n    \n    \n\t<div class=\"img has-hover x md-x lg-x y md-y lg-y\" id=\"image_284868970\">\n\t\t\t\t\t\t\t\t<div class=\"img-inner box-shadow-2 dark\" >\n\t\t\t\t\t\t\t\t\t\n\t\t\t\t\t<\/div>\n\t\t\t\t\t\t\t\t\n<style>\n#image_284868970 {\n  width: 100%;\n}\n<\/style>\n\t<\/div>\n\t\n\n\n\t\t<\/div>\n\t\t\t<\/div>\n\n\t\n\n<\/div>\n\n\t\t<\/div>\n\n\t\t\n<style>\n#section_1702392724 {\n  padding-top: 14px;\n  padding-bottom: 14px;\n  background-color: rgb(110, 106, 106);\n}\n#section_1702392724 .section-bg-overlay {\n  background-color: rgba(255, 255, 255, 0.85);\n}\n<\/style>\n\t<\/section>","protected":false},"excerpt":{"rendered":"","protected":false},"author":1,"featured_media":0,"parent":0,"menu_order":0,"comment_status":"closed","ping_status":"closed","template":"page-blank.php","meta":{"jetpack_post_was_ever_published":false,"two_page_speed":{"previous_score":{"desktop_score":76,"desktop_tti":"4.3\u00a0","mobile_score":30,"mobile_tti":"19.6\u00a0","date":"15.04.2024 12:55:57 pm","status":"completed"},"current_score":{"desktop_score":100,"desktop_tti":"0.5\u00a0","mobile_score":97,"mobile_tti":"2.9\u00a0","date":"31.10.2024 04:15:20 pm","status":"error_no_score"}},"footnotes":""},"class_list":["post-2500","page","type-page","status-publish","hentry"],"jetpack_sharing_enabled":true,"jetpack_shortlink":"https:\/\/wp.me\/PaKa6d-Ek","_links":{"self":[{"href":"https:\/\/drawmybusiness.de\/en\/wp-json\/wp\/v2\/pages\/2500","targetHints":{"allow":["GET"]}}],"collection":[{"href":"https:\/\/drawmybusiness.de\/en\/wp-json\/wp\/v2\/pages"}],"about":[{"href":"https:\/\/drawmybusiness.de\/en\/wp-json\/wp\/v2\/types\/page"}],"author":[{"embeddable":true,"href":"https:\/\/drawmybusiness.de\/en\/wp-json\/wp\/v2\/users\/1"}],"replies":[{"embeddable":true,"href":"https:\/\/drawmybusiness.de\/en\/wp-json\/wp\/v2\/comments?post=2500"}],"version-history":[{"count":36,"href":"https:\/\/drawmybusiness.de\/en\/wp-json\/wp\/v2\/pages\/2500\/revisions"}],"predecessor-version":[{"id":3507,"href":"https:\/\/drawmybusiness.de\/en\/wp-json\/wp\/v2\/pages\/2500\/revisions\/3507"}],"wp:attachment":[{"href":"https:\/\/drawmybusiness.de\/en\/wp-json\/wp\/v2\/media?parent=2500"}],"curies":[{"name":"wp","href":"https:\/\/api.w.org\/{rel}","templated":true}]}}