{"id":1632,"date":"2018-04-05T12:01:57","date_gmt":"2018-04-05T10:01:57","guid":{"rendered":"http:\/\/drawmybusiness.de\/?page_id=1632"},"modified":"2024-10-10T11:29:29","modified_gmt":"2024-10-10T09:29:29","slug":"videoproduktion","status":"publish","type":"page","link":"https:\/\/drawmybusiness.de\/en\/videoproduktion\/","title":{"rendered":"Video production"},"content":{"rendered":"\n<h1>Videoproduktion &#8211; Wir beraten euch mit Fachwissen und kreativen Ideen bei euren Projekten.<\/h1>\n<div class=\"flex flex-grow flex-col max-w-full\">\n<div class=\"min-h-[20px] text-message flex flex-col items-start gap-3 whitespace-pre-wrap break-words [.text-message+&amp;]:mt-5 overflow-x-auto\" dir=\"auto\" data-message-author-role=\"assistant\" data-message-id=\"9bd8180e-f6ad-413f-86e7-23c33aef3278\">\n<div class=\"markdown prose w-full break-words dark:prose-invert light\">\n<p>Wir sind Experten in der ma\u00dfgeschneiderten Videoproduktion und bieten nicht nur vorgefertigte Inhalte \u00fcber unseren Bildungsshop an, sondern produzieren auch individuelle Videos und Videokurse, die genau auf eure Bed\u00fcrfnisse zugeschnitten sind.<\/p>\n<p>Mit unseren hochwertigen Lernvideos k\u00f6nnen sich eure Mitarbeitende online ganz flexibel weiterbilden, und das zu jeder passenden Gelegenheit, die der Terminkalender hergibt. Eure Kunden erreicht ihr rund um die Uhr digital \u2013 eine perfekte M\u00f6glichkeit, euer Angebot zu pr\u00e4sentieren. Doch unser Service geht weit \u00fcber blo\u00dfen Video-Content hinaus.<\/p>\n<p>Dar\u00fcber hinaus unterst\u00fctzen wir euch mit professionellen Marketingvideos, die eure Produkte wirkungsvoll in Szene setzen.<\/p>\n<p>Mit unserer langj\u00e4hrigen Erfahrung im Lehrbereich k\u00f6nnen wir selbst komplexe Themen der IT, Digitalisierung und des Managements verst\u00e4ndlich erkl\u00e4ren. In Zeiten des Wandels stehen wir euch zudem beim Changemanagement zur Seite und helfen dabei, eure Mitarbeitenden optimal zu begleiten und zu unterst\u00fctzen. Entdeckt die Welt der Videoproduktion mit uns \u2013 euer Partner f\u00fcr innovative und effektive Lern- und Marketinginhalte.<\/p>\n<\/div>\n<\/div>\n<\/div>\n<h2>Beispiel-Videostile f\u00fcr die Videoproduktion<\/h2>\n<p>Wir bieten eine breite Palette an kreativen Videostilen an, um sicherzustellen, dass eure Botschaft optimal zur Geltung kommt. Von animierten Erkl\u00e4rvideos \u00fcber ansprechende Whiteboard-Animationen bis hin zu hochwertigen Live-Action-Aufnahmen \u2013 wir haben f\u00fcr jeden Bedarf den passenden Stil.<\/p>\n<div class=\"row row-dashed\"  id=\"row-921201667\">\n\n\n\t<div id=\"col-16384598\" class=\"col medium-4 small-12 large-4\"  >\n\t\t<div class=\"col-inner\"  >\n\t\t\t\n\t\t\t\n\n<div class=\"video video-fit mb\" style=\"padding-top:56.25%;\"><iframe loading=\"lazy\" title=\"Comic-Stil Beispiel 1\" width=\"1020\" height=\"574\" src=\"https:\/\/www.youtube.com\/embed\/jd-PzuDAJ28?feature=oembed\" frameborder=\"0\" allow=\"accelerometer; autoplay; clipboard-write; encrypted-media; gyroscope; picture-in-picture; web-share\" referrerpolicy=\"strict-origin-when-cross-origin\" allowfullscreen><\/iframe><\/div>\n\n\n\t\t<\/div>\n\t\t\t<\/div>\n\n\t\n\n\t<div id=\"col-76658050\" class=\"col medium-4 small-12 large-4\"  >\n\t\t<div class=\"col-inner\"  >\n\t\t\t\n\t\t\t\n\n<div class=\"video video-fit mb\" style=\"padding-top:56.25%;\"><p><iframe loading=\"lazy\" title=\"Real-Stil\" width=\"1020\" height=\"574\" src=\"https:\/\/www.youtube.com\/embed\/JV75xg4_6As?feature=oembed\" frameborder=\"0\" allow=\"accelerometer; autoplay; clipboard-write; encrypted-media; gyroscope; picture-in-picture; web-share\" referrerpolicy=\"strict-origin-when-cross-origin\" allowfullscreen><\/iframe><\/p>\n<\/div>\n\n\n\t\t<\/div>\n\t\t\t<\/div>\n\n\t\n\n\t<div id=\"col-1721418813\" class=\"col medium-4 small-12 large-4\"  >\n\t\t<div class=\"col-inner\"  >\n\t\t\t\n\t\t\t\n\n<div class=\"video video-fit mb\" style=\"padding-top:56.25%;\"><p><iframe loading=\"lazy\" title=\"Info-Stil Beispiel 1\" width=\"1020\" height=\"574\" src=\"https:\/\/www.youtube.com\/embed\/DozkQ2MdUrM?feature=oembed\" frameborder=\"0\" allow=\"accelerometer; autoplay; clipboard-write; encrypted-media; gyroscope; picture-in-picture; web-share\" referrerpolicy=\"strict-origin-when-cross-origin\" allowfullscreen><\/iframe><\/p>\n<\/div>\n\n\n\t\t<\/div>\n\t\t\t<\/div>\n\n\t\n\n\t<div id=\"col-1538654309\" class=\"col medium-4 small-12 large-4\"  >\n\t\t<div class=\"col-inner\"  >\n\t\t\t\n\t\t\t\n\n<div class=\"video video-fit mb\" style=\"padding-top:56.25%;\"><p><iframe loading=\"lazy\" title=\"Comic-Stil Beispiel 2\" width=\"1020\" height=\"574\" src=\"https:\/\/www.youtube.com\/embed\/hSuvJjeuVpw?feature=oembed\" frameborder=\"0\" allow=\"accelerometer; autoplay; clipboard-write; encrypted-media; gyroscope; picture-in-picture; web-share\" referrerpolicy=\"strict-origin-when-cross-origin\" allowfullscreen><\/iframe><\/p>\n<\/div>\n\n\n\t\t<\/div>\n\t\t\t<\/div>\n\n\t\n\n\t<div id=\"col-702844569\" class=\"col medium-4 small-12 large-4\"  >\n\t\t<div class=\"col-inner\"  >\n\t\t\t\n\t\t\t\n\n<div class=\"video video-fit mb\" style=\"padding-top:56.25%;\"><p><iframe loading=\"lazy\" title=\"Whiteboard Stil\" width=\"1020\" height=\"574\" src=\"https:\/\/www.youtube.com\/embed\/XugaBoB4egk?feature=oembed\" frameborder=\"0\" allow=\"accelerometer; autoplay; clipboard-write; encrypted-media; gyroscope; picture-in-picture; web-share\" referrerpolicy=\"strict-origin-when-cross-origin\" allowfullscreen><\/iframe><\/p>\n<\/div>\n\n\n\t\t<\/div>\n\t\t\t<\/div>\n\n\t\n\n\t<div id=\"col-1791913190\" class=\"col medium-4 small-12 large-4\"  >\n\t\t<div class=\"col-inner\"  >\n\t\t\t\n\t\t\t\n\n<div class=\"video video-fit mb\" style=\"padding-top:56.25%;\"><p><iframe loading=\"lazy\" title=\"Info-Stil Beispiel 2\" width=\"1020\" height=\"574\" src=\"https:\/\/www.youtube.com\/embed\/xdlVcmMZX58?feature=oembed\" frameborder=\"0\" allow=\"accelerometer; autoplay; clipboard-write; encrypted-media; gyroscope; picture-in-picture; web-share\" referrerpolicy=\"strict-origin-when-cross-origin\" allowfullscreen><\/iframe><\/p>\n<\/div>\n\n\n\t\t<\/div>\n\t\t\t<\/div>\n\n\t\n\n<\/div>\n<div class=\"row\"  id=\"row-282346744\">\n\n\n\t<div id=\"col-1473905731\" class=\"col small-12 large-12\"  >\n\t\t<div class=\"col-inner\"  >\n\t\t\t\n\t\t\t\n\n<p>In enger Zusammenarbeit mit euch w\u00e4hlen wir den idealen Videostil aus und integrieren dabei auch euer Corporate Design, um ein einzigartiges, ma\u00dfgeschneidertes und kreatives Videoergebnis zu erzielen.<\/p>\n<p>Egal, ob ihr einen professionellen Look f\u00fcr eure Produktvideos bevorzugt oder eine verspielte Animation f\u00fcr eure Schulungskurse w\u00fcnscht, wir stehen euch mit unserer Expertise in der Videoproduktion zur Seite, um sicherzustellen, dass eure Inhalte eure Zielgruppe optimal ansprechen und beeindrucken.<\/p>\n<p>Entdeckt mit uns die vielf\u00e4ltigen M\u00f6glichkeiten der Videoproduktion und verwandelt eure Ideen in fesselnde visuelle Erlebnisse.<\/p>\n\n\t\t<\/div>\n\t\t\t<\/div>\n\n\t\n\n<\/div>\n<div class=\"row\"  id=\"row-1688552634\">\n\n\n\t<div id=\"col-1542802823\" class=\"col small-12 large-12\"  >\n\t\t<div class=\"col-inner\"  >\n\t\t\t\n\t\t\t\n\n<h2>Barrierefreie Videoproduktion und Geb\u00e4rdensprache<\/h2>\n<p>Wir verstehen die Bedeutung von Barrierefreiheit in der Gestaltung von Lernvideos und Lerninhalten und haben diese Prinzipien in zahlreichen Projekten erfolgreich umgesetzt.<\/p>\n<p>Unsere barrierefreien Videos zeichnen sich durch mehrere wichtige Merkmale aus. Zum einen gew\u00e4hrleisten wir eine klare und verst\u00e4ndliche Sprache im gesprochenen Videotext, der auch f\u00fcr Zuh\u00f6rer mit eingeschr\u00e4nktem H\u00f6rverm\u00f6gen leicht zu verstehen ist. Dar\u00fcber hinaus legen wir gro\u00dfen Wert auf eine einfache optische Gestaltung, die durch starke hell-dunkel-Kontraste gekennzeichnet ist, um die Sichtbarkeit und Lesbarkeit f\u00fcr Menschen mit Sehbehinderungen zu verbessern.<\/p>\n<p>Ein weiteres wichtiges Kriterium ist die Verwendung von Audioaufnahmen ohne Hintergrundmusik, um sicherzustellen, dass Personen mit H\u00f6rbeeintr\u00e4chtigungen den gesprochenen Inhalt klar und deutlich h\u00f6ren k\u00f6nnen. Zudem integrieren wir bei Bedarf auch Geb\u00e4rdendolmetscher, um eine umfassende Barrierefreiheit f\u00fcr Geh\u00f6rlose und H\u00f6rgesch\u00e4digte zu gew\u00e4hrleisten.<\/p>\n<p>Diese Grunds\u00e4tze der barrierefreien Gestaltung sind f\u00fcr uns essenziell, da wir sicherstellen m\u00f6chten, dass unsere Lernvideos f\u00fcr alle Menschen gleicherma\u00dfen zug\u00e4nglich und nutzbar sind.<\/p>\n<h2>\u00a0<\/h2>\n<h2>Unser Leistungen und Preise Videoproduktion<\/h2>\n\n\t\t<\/div>\n\t\t\t<\/div>\n\n\t\n\n<\/div>\n<div class=\"row\"  id=\"row-562204601\">\n\n\n\t<div id=\"col-447427231\" class=\"col medium-4 small-12 large-4\"  >\n\t\t<div class=\"col-inner\"  >\n\t\t\t\n\t\t\t\n\n\t<div class=\"box has-hover   has-hover box-shadow-5 box-shadow-4-hover box-text-bottom\" >\n\n\t\t<div class=\"box-image\" >\n\t\t\t<a href=\"https:\/\/drawmybusiness.de\/lernvideoproduktion\/\"  >\t\t\t<div class=\"\" >\n\t\t\t\t<img loading=\"lazy\" decoding=\"async\" width=\"1920\" height=\"918\" src=\"https:\/\/drawmybusiness.de\/wp-content\/uploads\/2024\/04\/Titel_Lernvideo_DMBIT.webp\" class=\"attachment- size-\" alt=\"LERNVIDEOPRODUKTION - Kompaktes Lernen durch ein 2-4 min\u00fctiges Lernvideo \u2013 wir produzieren f\u00fcr Sie indviduell!\" srcset=\"https:\/\/drawmybusiness.de\/wp-content\/uploads\/2024\/04\/Titel_Lernvideo_DMBIT.webp 1920w, https:\/\/drawmybusiness.de\/wp-content\/uploads\/2024\/04\/Titel_Lernvideo_DMBIT-300x143.webp 300w, https:\/\/drawmybusiness.de\/wp-content\/uploads\/2024\/04\/Titel_Lernvideo_DMBIT-1024x490.webp 1024w, https:\/\/drawmybusiness.de\/wp-content\/uploads\/2024\/04\/Titel_Lernvideo_DMBIT-768x367.webp 768w, https:\/\/drawmybusiness.de\/wp-content\/uploads\/2024\/04\/Titel_Lernvideo_DMBIT-1536x734.webp 1536w\" sizes=\"auto, (max-width: 1920px) 100vw, 1920px\" \/>\t\t\t\t\t\t\t\t\t\t\t<\/div>\n\t\t\t<\/a>\t\t<\/div>\n\n\t\t<div class=\"box-text text-center\" style=\"background-color:rgb(252, 252, 252);\">\n\t\t\t<div class=\"box-text-inner\">\n\t\t\t\t\n\n\t<div id=\"text-3486915164\" class=\"text\">\n\t\t\n\n<div class=\"box-text-inner\">\n<p><strong>LERNVIDEO<\/strong><\/p>\n<p>Kompaktes Lernen durch ein <br \/>2-4 min\u00fctiges Lernvideo &#8211; <br \/>wir produzieren f\u00fcr euch indviduell!<\/p>\n<\/div>\n\t\t\n<style>\n#text-3486915164 {\n  color: rgb(0,0,0);\n}\n#text-3486915164 > * {\n  color: rgb(0,0,0);\n}\n<\/style>\n\t<\/div>\n\t\n\n\t\t\t<\/div>\n\t\t<\/div>\n\t<\/div>\n\t\n\n\t\t<\/div>\n\t\t\t<\/div>\n\n\t\n\n\t<div id=\"col-2144789668\" class=\"col medium-4 small-12 large-4\"  >\n\t\t<div class=\"col-inner\"  >\n\t\t\t\n\t\t\t\n\n\t<div class=\"box has-hover   has-hover box-shadow-5 box-shadow-4-hover box-text-bottom\" >\n\n\t\t<div class=\"box-image\" >\n\t\t\t<a href=\"https:\/\/drawmybusiness.de\/videokursproduktion\/\"  >\t\t\t<div class=\"\" >\n\t\t\t\t<img loading=\"lazy\" decoding=\"async\" width=\"2560\" height=\"1225\" src=\"https:\/\/drawmybusiness.de\/wp-content\/uploads\/2024\/04\/Bild1-scaled.webp\" class=\"attachment- size-\" alt=\"VIDEOKURSPRODUKTION Wir erstellen euren Videokurs in Eigenregie oder professionalisieren euren Kurs mit euch gemeinsam!\" srcset=\"https:\/\/drawmybusiness.de\/wp-content\/uploads\/2024\/04\/Bild1-scaled.webp 2560w, https:\/\/drawmybusiness.de\/wp-content\/uploads\/2024\/04\/Bild1-300x144.webp 300w, https:\/\/drawmybusiness.de\/wp-content\/uploads\/2024\/04\/Bild1-1024x490.webp 1024w, https:\/\/drawmybusiness.de\/wp-content\/uploads\/2024\/04\/Bild1-768x368.webp 768w, https:\/\/drawmybusiness.de\/wp-content\/uploads\/2024\/04\/Bild1-1536x735.webp 1536w, https:\/\/drawmybusiness.de\/wp-content\/uploads\/2024\/04\/Bild1-2048x980.webp 2048w\" sizes=\"auto, (max-width: 2560px) 100vw, 2560px\" \/>\t\t\t\t\t\t\t\t\t\t\t<\/div>\n\t\t\t<\/a>\t\t<\/div>\n\n\t\t<div class=\"box-text text-center\" style=\"background-color:rgb(252, 252, 252);\">\n\t\t\t<div class=\"box-text-inner\">\n\t\t\t\t\n\n\t<div id=\"text-638825163\" class=\"text\">\n\t\t\n\n<div class=\"box-text-inner\">\n<p style=\"text-align: center;\"><strong>VIDEOKURS<\/strong><\/p>\n<p style=\"text-align: center;\">Wir erstellen euren Videokurs in<br \/>Eigenregie oder professionalisieren euren Kurs mit euch gemeinsam!<\/p>\n<\/div>\n\t\t\n<style>\n#text-638825163 {\n  color: rgb(0,0,0);\n}\n#text-638825163 > * {\n  color: rgb(0,0,0);\n}\n<\/style>\n\t<\/div>\n\t\n\n\t\t\t<\/div>\n\t\t<\/div>\n\t<\/div>\n\t\n\n\t\t<\/div>\n\t\t\t<\/div>\n\n\t\n\n\t<div id=\"col-196398251\" class=\"col medium-4 small-12 large-4\"  >\n\t\t<div class=\"col-inner\"  >\n\t\t\t\n\t\t\t\n\n\t<div class=\"box has-hover   has-hover box-shadow-5 box-shadow-4-hover box-text-bottom\" >\n\n\t\t<div class=\"box-image\" >\n\t\t\t<a href=\"http:\/\/drawmybusiness.shop\" target=\"_blank\" rel=\"noopener noreferrer\">\t\t\t<div class=\"\" >\n\t\t\t\t<img loading=\"lazy\" decoding=\"async\" width=\"2560\" height=\"1224\" src=\"https:\/\/drawmybusiness.de\/wp-content\/uploads\/2024\/04\/Korb1-scaled.webp\" class=\"attachment- size-\" alt=\"BILDUNGSSHOP - Fertige Lernvideos &amp; Videokurse f\u00fcr eure Lernplattform\/Webseite \u2013 kosteng\u00fcnstige Lizenzen\" srcset=\"https:\/\/drawmybusiness.de\/wp-content\/uploads\/2024\/04\/Korb1-scaled.webp 2560w, https:\/\/drawmybusiness.de\/wp-content\/uploads\/2024\/04\/Korb1-300x143.webp 300w, https:\/\/drawmybusiness.de\/wp-content\/uploads\/2024\/04\/Korb1-1024x489.webp 1024w, https:\/\/drawmybusiness.de\/wp-content\/uploads\/2024\/04\/Korb1-768x367.webp 768w, https:\/\/drawmybusiness.de\/wp-content\/uploads\/2024\/04\/Korb1-1536x734.webp 1536w, https:\/\/drawmybusiness.de\/wp-content\/uploads\/2024\/04\/Korb1-2048x979.webp 2048w, https:\/\/drawmybusiness.de\/wp-content\/uploads\/2024\/04\/Korb1-600x287.webp 600w\" sizes=\"auto, (max-width: 2560px) 100vw, 2560px\" \/>\t\t\t\t\t\t\t\t\t\t\t<\/div>\n\t\t\t<\/a>\t\t<\/div>\n\n\t\t<div class=\"box-text text-center\" style=\"background-color:rgb(252, 252, 252);\">\n\t\t\t<div class=\"box-text-inner\">\n\t\t\t\t\n\n\t<div id=\"text-3103241245\" class=\"text\">\n\t\t\n\n<div class=\"box-text-inner\">\n<p style=\"text-align: center;\"><strong>BILDUNGSSHOP<\/strong><\/p>\n<p style=\"text-align: center;\">Fertige Lernvideos &amp; Videokurse <br \/>f\u00fcr eure Lernplattform\/Webseite &#8211; kosteng\u00fcnstige Lizenzen!<\/p>\n<\/div>\n\t\t\n<style>\n#text-3103241245 {\n  color: rgb(0,0,0);\n}\n#text-3103241245 > * {\n  color: rgb(0,0,0);\n}\n<\/style>\n\t<\/div>\n\t\n\n\t\t\t<\/div>\n\t\t<\/div>\n\t<\/div>\n\t\n\n\t\t<\/div>\n\t\t\t<\/div>\n\n\t\n\n\t<div id=\"col-2106657653\" class=\"col medium-4 small-12 large-4\"  >\n\t\t<div class=\"col-inner box-shadow-5 box-shadow-4-hover\"  >\n\t\t\t\n\t\t\t\n\n\t<div class=\"box has-hover   has-hover box-shadow-5 box-shadow-4-hover box-text-bottom\" >\n\n\t\t<div class=\"box-image\" >\n\t\t\t<a href=\"https:\/\/drawmybusiness.de\/marketingvideo\/\">\t\t\t<div class=\"\" >\n\t\t\t\t<img loading=\"lazy\" decoding=\"async\" width=\"1920\" height=\"918\" src=\"https:\/\/drawmybusiness.de\/wp-content\/uploads\/2019\/10\/Megaphone-end.jpg\" class=\"attachment- size-\" alt=\"\" srcset=\"https:\/\/drawmybusiness.de\/wp-content\/uploads\/2019\/10\/Megaphone-end.jpg 1920w, https:\/\/drawmybusiness.de\/wp-content\/uploads\/2019\/10\/Megaphone-end-300x143.jpg 300w, https:\/\/drawmybusiness.de\/wp-content\/uploads\/2019\/10\/Megaphone-end-768x367.jpg 768w, https:\/\/drawmybusiness.de\/wp-content\/uploads\/2019\/10\/Megaphone-end-1024x490.jpg 1024w\" sizes=\"auto, (max-width: 1920px) 100vw, 1920px\" \/>\t\t\t\t\t\t\t\t\t\t\t<\/div>\n\t\t\t<\/a>\t\t<\/div>\n\n\t\t<div class=\"box-text text-center\" style=\"background-color:rgb(252, 252, 252);\">\n\t\t\t<div class=\"box-text-inner\">\n\t\t\t\t\n\n\t<div id=\"text-2801395714\" class=\"text\">\n\t\t\n\n<div class=\"box-text-inner\">\n<p style=\"text-align: center;\"><strong>MARKETINGVIDEO<\/strong><\/p>\n<p style=\"text-align: center;\">Produkte, Strategien &amp; Projekte <br \/>erfolgreich intern und extern kommunizieren!<\/p>\n<\/div>\n\t\t\n<style>\n#text-2801395714 {\n  color: rgb(0,0,0);\n}\n#text-2801395714 > * {\n  color: rgb(0,0,0);\n}\n<\/style>\n\t<\/div>\n\t\n\n\t\t\t<\/div>\n\t\t<\/div>\n\t<\/div>\n\t\n\n\t\t<\/div>\n\t\t\t<\/div>\n\n\t\n\n\t<div id=\"col-1558625003\" class=\"col medium-4 small-12 large-4\"  >\n\t\t<div class=\"col-inner box-shadow-5 box-shadow-4-hover\"  >\n\t\t\t\n\t\t\t\n\n\t<div class=\"box has-hover   has-hover box-shadow-5 box-shadow-4-hover box-text-bottom\" >\n\n\t\t<div class=\"box-image\" >\n\t\t\t<a href=\"https:\/\/drawmybusiness.de\/veranstaltungsvideo\/\">\t\t\t<div class=\"\" >\n\t\t\t\t<img loading=\"lazy\" decoding=\"async\" width=\"1280\" height=\"612\" src=\"https:\/\/drawmybusiness.de\/wp-content\/uploads\/2024\/04\/audience-1677028_1280neu-Videoproduktion.webp\" class=\"attachment- size-\" alt=\"VERANSTALTUNGSVIDEO - Bewerbt eure Veranstaltung oder euren Messeauftritt mit einem Video!\" srcset=\"https:\/\/drawmybusiness.de\/wp-content\/uploads\/2024\/04\/audience-1677028_1280neu-Videoproduktion.webp 1280w, https:\/\/drawmybusiness.de\/wp-content\/uploads\/2024\/04\/audience-1677028_1280neu-Videoproduktion-300x143.webp 300w, https:\/\/drawmybusiness.de\/wp-content\/uploads\/2024\/04\/audience-1677028_1280neu-Videoproduktion-1024x490.webp 1024w, https:\/\/drawmybusiness.de\/wp-content\/uploads\/2024\/04\/audience-1677028_1280neu-Videoproduktion-768x367.webp 768w\" sizes=\"auto, (max-width: 1280px) 100vw, 1280px\" \/>\t\t\t\t\t\t\t\t\t\t\t<\/div>\n\t\t\t<\/a>\t\t<\/div>\n\n\t\t<div class=\"box-text text-center\" style=\"background-color:rgb(255, 255, 255);\">\n\t\t\t<div class=\"box-text-inner\">\n\t\t\t\t\n\n\t<div id=\"text-271213546\" class=\"text\">\n\t\t\n\n<p><strong>VERANSTALTUNGSVIDEO<\/strong><\/p>\n<p>Bewerbt eure Veranstaltung <br \/>oder euren Messeauftritt <br \/>mit einem Video!<\/p>\n\t\t\n<style>\n#text-271213546 {\n  color: rgb(0,0,0);\n}\n#text-271213546 > * {\n  color: rgb(0,0,0);\n}\n<\/style>\n\t<\/div>\n\t\n\n\t\t\t<\/div>\n\t\t<\/div>\n\t<\/div>\n\t\n\n\t\t<\/div>\n\t\t\t<\/div>\n\n\t\n\n\t<div id=\"col-118744397\" class=\"col medium-4 small-12 large-4\"  >\n\t\t<div class=\"col-inner box-shadow-5\"  >\n\t\t\t\n\t\t\t\n\n\t<div class=\"box has-hover   has-hover box-shadow-5 box-shadow-4-hover box-text-bottom\" >\n\n\t\t<div class=\"box-image\" >\n\t\t\t<a href=\"https:\/\/drawmybusiness.de\/unsere-beratungsleistungen\/\">\t\t\t<div class=\"\" >\n\t\t\t\t<img loading=\"lazy\" decoding=\"async\" width=\"2560\" height=\"1224\" src=\"https:\/\/drawmybusiness.de\/wp-content\/uploads\/2024\/04\/Beratung-scaled.webp\" class=\"attachment- size-\" alt=\"UNSERE BERATUNGSLEISTUNGEN! Wir unterst\u00fctzen euch auch auf Stundenbasis und arbeiten gerne mit euch zusammen in euren Videoprojekten!\" srcset=\"https:\/\/drawmybusiness.de\/wp-content\/uploads\/2024\/04\/Beratung-scaled.webp 2560w, https:\/\/drawmybusiness.de\/wp-content\/uploads\/2024\/04\/Beratung-300x143.webp 300w, https:\/\/drawmybusiness.de\/wp-content\/uploads\/2024\/04\/Beratung-1024x489.webp 1024w, https:\/\/drawmybusiness.de\/wp-content\/uploads\/2024\/04\/Beratung-768x367.webp 768w, https:\/\/drawmybusiness.de\/wp-content\/uploads\/2024\/04\/Beratung-1536x734.webp 1536w, https:\/\/drawmybusiness.de\/wp-content\/uploads\/2024\/04\/Beratung-2048x979.webp 2048w\" sizes=\"auto, (max-width: 2560px) 100vw, 2560px\" \/>\t\t\t\t\t\t\t\t\t\t\t<\/div>\n\t\t\t<\/a>\t\t<\/div>\n\n\t\t<div class=\"box-text text-center\" style=\"background-color:rgb(252, 252, 252);\">\n\t\t\t<div class=\"box-text-inner\">\n\t\t\t\t\n\n\t<div id=\"text-2842898244\" class=\"text\">\n\t\t\n\n<p><strong>UNSERE BERATUNGSLEISTUNGEN!<br \/><\/strong><\/p>\n<p>Wir unterst\u00fctzen euch auch auf Stundenbasis und arbeiten gerne mit euch zusammen in euren Videoprojekten!<\/p>\n\t\t\n<style>\n#text-2842898244 {\n  color: rgb(0,0,0);\n}\n#text-2842898244 > * {\n  color: rgb(0,0,0);\n}\n<\/style>\n\t<\/div>\n\t\n\n\t\t\t<\/div>\n\t\t<\/div>\n\t<\/div>\n\t\n\n\t\t<\/div>\n\t\t\t<\/div>\n\n\t\n\n<\/div>\n<div class=\"row\"  id=\"row-1966800822\">\n\n\n<\/div>\n\t<section class=\"section\" id=\"section_649485108\">\n\t\t<div class=\"bg section-bg fill bg-fill  bg-loaded\" >\n\n\t\t\t\n\t\t\t\n\t\t\t\n\n\t\t<\/div>\n\n\t\t<div class=\"section-content relative\">\n\t\t\t\n\n<div class=\"row\"  id=\"row-1156923008\">\n\n\n\t<div id=\"col-647468173\" class=\"col medium-9 small-12 large-9\"  >\n\t\t<div class=\"col-inner\"  >\n\t\t\t\n\t\t\t\n\n<h2 class=\"uppercase\">HABT IHR FRAGEN?<\/h2>\n<p>Wir helfen euch gerne bei Fragen kostenlos weiter. Sendet uns einfach eine Anfrage. <br \/>Wir freuen uns auf euch!<\/p>\n<a href=\"https:\/\/drawmybusiness.de\/kontakt\/\" target=\"_self\" class=\"button secondary\">\n    <span>Kostenlose Anfrage Stellen<\/span>\n  <\/a>\n\n\n\n\t\t<\/div>\n\t\t\t<\/div>\n\n\t\n\n\t<div id=\"col-1485557713\" class=\"col medium-3 small-12 large-3\"  >\n\t\t<div class=\"col-inner\"  >\n\t\t\t\n\t\t\t\n\n    <div class=\"box has-hover has-hover box-text-bottom\" >\n\n                  <div class=\"box-image \" style=\"width:80%;\">\n           <div class=\"box-image-inner image-cover\" style=\"border-radius:88%;padding-top:100%;\">\n              <img loading=\"lazy\" decoding=\"async\" width=\"2180\" height=\"2181\" src=\"https:\/\/drawmybusiness.de\/wp-content\/uploads\/2018\/06\/Anabel-Derlam2_cr.jpg\" class=\"attachment- size-\" alt=\"\" srcset=\"https:\/\/drawmybusiness.de\/wp-content\/uploads\/2018\/06\/Anabel-Derlam2_cr.jpg 2180w, https:\/\/drawmybusiness.de\/wp-content\/uploads\/2018\/06\/Anabel-Derlam2_cr-300x300.jpg 300w, https:\/\/drawmybusiness.de\/wp-content\/uploads\/2018\/06\/Anabel-Derlam2_cr-100x100.jpg 100w, https:\/\/drawmybusiness.de\/wp-content\/uploads\/2018\/06\/Anabel-Derlam2_cr-600x600.jpg 600w, https:\/\/drawmybusiness.de\/wp-content\/uploads\/2018\/06\/Anabel-Derlam2_cr-150x150.jpg 150w, https:\/\/drawmybusiness.de\/wp-content\/uploads\/2018\/06\/Anabel-Derlam2_cr-768x768.jpg 768w, https:\/\/drawmybusiness.de\/wp-content\/uploads\/2018\/06\/Anabel-Derlam2_cr-1024x1024.jpg 1024w\" sizes=\"auto, (max-width: 2180px) 100vw, 2180px\" \/>                         <\/div>\n          <\/div>\n         \n          <div class=\"box-text text-center\" >\n                <div class=\"box-text-inner\">\n                  <h4 class=\"uppercase\">\n                    <span class=\"person-name\">Anabel Derlam<\/span><br\/>\n                    <span class=\"person-title is-small thin-font op-7\">\n                      Gesch\u00e4ftsf\u00fchrerin                    <\/span>\n                  <\/h4>\n                 <div class=\"social-icons follow-icons\" ><a href=\"https:\/\/www.facebook.com\/Institut-f\u00fcr-Digitalisierung-und-Digital-Storytelling-1439771922744710\/\" target=\"_blank\" data-label=\"Facebook\" rel=\"noopener noreferrer nofollow\" class=\"icon button circle is-outline facebook tooltip\" title=\"Follow on Facebook\"><i class=\"icon-facebook\" ><\/i><\/a><a href=\"mailto:Info@draw-my-business.de\" data-label=\"E-mail\"  rel=\"nofollow\" class=\"icon button circle is-outline  email tooltip\" title=\"Send us an email\"><i class=\"icon-envelop\" ><\/i><\/a><a href=\"https:\/\/www.youtube.com\/channel\/UCrJXFECCf80wCzW3EeMkCtA\" target=\"_blank\" rel=\"noopener noreferrer nofollow\" data-label=\"YouTube\" class=\"icon button circle is-outline  youtube tooltip\" title=\"Follow on YouTube\"><i class=\"icon-youtube\" ><\/i><\/a><\/div>                 \n\n\n                <\/div>\n          <\/div>\n    <\/div>\n\n    \n    \n\n\t\t<\/div>\n\t\t\t<\/div>\n\n\t\n\n<\/div>\n\n\t\t<\/div>\n\n\t\t\n<style>\n#section_649485108 {\n  padding-top: 30px;\n  padding-bottom: 30px;\n  background-color: rgba(0, 0, 0, 0.06);\n}\n<\/style>\n\t<\/section>\n\t\n\n","protected":false},"excerpt":{"rendered":"","protected":false},"author":1,"featured_media":0,"parent":0,"menu_order":0,"comment_status":"closed","ping_status":"closed","template":"","meta":{"jetpack_post_was_ever_published":false,"two_page_speed":[],"footnotes":""},"class_list":["post-1632","page","type-page","status-publish","hentry"],"jetpack_sharing_enabled":true,"jetpack_shortlink":"https:\/\/wp.me\/PaKa6d-qk","_links":{"self":[{"href":"https:\/\/drawmybusiness.de\/en\/wp-json\/wp\/v2\/pages\/1632","targetHints":{"allow":["GET"]}}],"collection":[{"href":"https:\/\/drawmybusiness.de\/en\/wp-json\/wp\/v2\/pages"}],"about":[{"href":"https:\/\/drawmybusiness.de\/en\/wp-json\/wp\/v2\/types\/page"}],"author":[{"embeddable":true,"href":"https:\/\/drawmybusiness.de\/en\/wp-json\/wp\/v2\/users\/1"}],"replies":[{"embeddable":true,"href":"https:\/\/drawmybusiness.de\/en\/wp-json\/wp\/v2\/comments?post=1632"}],"version-history":[{"count":189,"href":"https:\/\/drawmybusiness.de\/en\/wp-json\/wp\/v2\/pages\/1632\/revisions"}],"predecessor-version":[{"id":3828,"href":"https:\/\/drawmybusiness.de\/en\/wp-json\/wp\/v2\/pages\/1632\/revisions\/3828"}],"wp:attachment":[{"href":"https:\/\/drawmybusiness.de\/en\/wp-json\/wp\/v2\/media?parent=1632"}],"curies":[{"name":"wp","href":"https:\/\/api.w.org\/{rel}","templated":true}]}}