{"id":1171,"date":"2018-01-31T16:06:13","date_gmt":"2018-01-31T15:06:13","guid":{"rendered":"http:\/\/drawmybusiness.de\/?page_id=1171"},"modified":"2024-04-15T12:45:24","modified_gmt":"2024-04-15T10:45:24","slug":"agbs","status":"publish","type":"page","link":"https:\/\/drawmybusiness.de\/en\/agbs\/","title":{"rendered":"GTCs"},"content":{"rendered":"<div class=\"row\">\n<div class=\"col-xs-12\">\n<h2>Allgemeine Gesch\u00e4ftsbedingungen<\/h2>\n<p>Draw my Business &#8211; Insitut f\u00fcr Digitalisierung &amp; Digital Storytelling GmbH<br \/>(Im Folgenden &#8222;Institut&#8220; genannt)<\/p>\n<h4>Anmeldung<\/h4>\n<p class=\"standard\">Bitte melden Sie sich online \u00fcber unsere Website an. Falls Sie nicht den Warenkorb unserer Website oder die von uns vorbereiteten Formulare verwenden, geben Sie uns bitte unbedingt den Namen des Teilnehmers und die vollst\u00e4ndige Firmenanschrift bzw. Rechnungsanschrift mit Telefon- und Faxnummer sowie E-Mail-Adresse an. Ihre Anmeldung ist verbindlich und wird in der Reihenfolge des Eingangs von uns gebucht. Sollte die Veranstaltung bereits ausgebucht sein, melden wir uns umgehend, ansonsten senden wir Ihnen Ihre Anmeldebest\u00e4tigung zu.<\/p>\n<p class=\"standard\">Es gelten die zum Buchungsdatum im Online-Shop angegebenen Preise. Die Teilnahmegeb\u00fchren stellen wir in der Regel kurz nach dem Veranstaltungsbeginn in Rechnung gestellt (Zahlungsbedingungen: 30 Tage nach Rechnungserhalt). Bei Webinaren wird die Geb\u00fchr sofort nach der Anmeldung in Rechnung gestellt.<\/p>\n<h4 class=\"standard\">Rabattm\u00f6glichkeiten<\/h4>\n<\/div>\n<\/div>\n<div class=\"row\">\n<div class=\"col-xs-12 col-sm-12 col-md-7 col-lg-8\">\n<div class=\"eventULContent\">\n<p class=\"standard\">Die von uns angebotenen verschiedenen Rabattm\u00f6glichkeiten sind nicht kombinierbar. Dies gilt auch f\u00fcr bereits rabattierte Gesamtpreise. Sie erhalten von uns grunds\u00e4tzlich den f\u00fcr Sie g\u00fcnstigsten Rabatt.<\/p>\n<h4 class=\"standard\">Mehrfachbuchungen<\/h4>\n<p class=\"standard\">Bei gleichzeitigem Eingang mehrerer Buchungen bezahlen Sie f\u00fcr die Buchung mit dem h\u00f6chsten Produktpreis die volle Teilnahmegeb\u00fchr. Auf alle weiteren Buchungen erhalten Sie 15 % Rabatt.<\/p>\n<p class=\"standard\">Sollten Sie nachtr\u00e4glich teilstornieren, wird der o. g. Rabatt zur\u00fcckgenommen bzw. nachbelastet.<\/p>\n<h4 class=\"standard\">Ihre R\u00fccktrittsgarantie bei Veranstaltungen<\/h4>\n<p class=\"standard\"><strong>Vertretung<\/strong><\/p>\n<p class=\"standard\">Sie k\u00f6nnen jederzeit anstelle des angemeldeten Teilnehmers einen Vertreter benennen. Ihnen entstehen keine zus\u00e4tzlichen Kosten.<\/p>\n<p class=\"standard\"><strong>Umbuchung<\/strong><\/p>\n<p class=\"standard\">Sie k\u00f6nnen jederzeit auf einen anderen Veranstaltungstermin oder auch eine andere Veranstaltung umbuchen. Bitte teilen Sie uns dies schriftlich, Textform gen\u00fcgt, mit. Bei einer Umbuchung (nur einmalig m\u00f6glich) erheben wir folgende Bearbeitungsgeb\u00fchren:<\/p>\n<ul class=\"standard\">\n<li>Umbuchung bis 4 Wochen vor Veranstaltungsbeginn: kostenlos<\/li>\n<li>Umbuchung 4-2 Wochen vor Veranstaltungsbeginn: \u20ac 90,- zzgl. MwSt.<\/li>\n<li>Umbuchung ab 2 Wochen vor Veranstaltungsbeginn: 30 % der Teilnahmegeb\u00fchr zzgl. MwSt., max. \u20ac 750,- zzgl. MwSt.<\/li>\n<li>F\u00fcr Webinare nehmen wir Umbuchungen kostenlos vor.<\/li>\n<\/ul>\n<p class=\"standard\"><strong>Stornierung<\/strong><\/p>\n<p class=\"standard\">Sie k\u00f6nnen jederzeit vom Vertrag zur\u00fccktreten. Dies ist jedoch nur schriftlich, Textform gen\u00fcgt, m\u00f6glich. Bitte beachten Sie, dass wir folgende Bearbeitungsgeb\u00fchren erheben:<\/p>\n<ul class=\"standard\">\n<li>Stornierung bis 4 Wochen vor Veranstaltungsbeginn: \u20ac 90,- zzgl. MwSt.<\/li>\n<li>Stornierung ab 4 Wochen vor Veranstaltungsbeginn: die volle Teilnahmegeb\u00fchr zzgl. MwSt.<\/li>\n<\/ul>\n<p class=\"standard\">Dies gilt auch bei Nichterscheinen des angemeldeten Teilnehmers.<\/p>\n<p class=\"standard\">Bitte denken Sie bei einem R\u00fccktritt daran, Ihre Hotelbuchung ebenfalls zu stornieren.<\/p>\n<h4 class=\"standard\">Absage von Veranstaltungen<\/h4>\n<p class=\"standard\">Wir behalten uns vor, die Veranstaltung wegen zu geringer Nachfrage bzw. Teilnehmerzahl (bis sp\u00e4testens 10 Tage vor dem geplanten Veranstaltungstermin) oder aus sonstigen wichtigen, von uns nicht zu vertretenden Gr\u00fcnden (z. B. pl\u00f6tzliche Erkrankung des Referenten, h\u00f6here Gewalt) abzusagen. Bereits von Ihnen entrichtete Teilnahmegeb\u00fchren werden Ihnen selbstverst\u00e4ndlich zur\u00fcckerstattet. Weitergehende Haftungs- und Schadenersatzanspr\u00fcche, die nicht die Verletzung von Leben, K\u00f6rper oder Gesundheit betreffen, sind, soweit nicht Vorsatz oder grobe Fahrl\u00e4ssigkeit unsererseits vorliegt, ausgeschlossen. Bitte beachten Sie dies auch f\u00fcr von Ihnen gebuchte Hotelzimmer sowie Flug- oder Bahntickets.<\/p>\n<h4 class=\"standard\">\u00c4nderungsvorbehalte<\/h4>\n<p class=\"standard\">Wir sind berechtigt, notwendige inhaltliche, methodische und organisatorische \u00c4nderungen oder Abweichungen (z. B. aufgrund von Rechts\u00e4nderungen) vor oder w\u00e4hrend der Veranstaltung vorzunehmen, soweit diese den Nutzen der angek\u00fcndigten Veranstaltung f\u00fcr den Teilnehmer nicht wesentlich \u00e4ndern. Wir sind berechtigt, die vorgesehenen Referenten im Bedarfsfall (z. B. Krankheit, Unfall) durch andere hinsichtlich des angek\u00fcndigten Themas gleich qualifizierte Personen zu ersetzen.<\/p>\n<p class=\"standard\">Die im Rahmen der Weiterbildung zur Verf\u00fcgung gestellten Dokumente werden nach bestem Wissen und Kenntnisstand erstellt. Haftung und Gew\u00e4hr f\u00fcr die Korrektheit, Aktualit\u00e4t, Vollst\u00e4ndigkeit und Qualit\u00e4t der Inhalte sind ausgeschlossen.<\/p>\n<h4 class=\"standard\">Eigentumsvorbehalt und Nutzung von Lehrmaterial<\/h4>\n<p>Wir behalten uns bei allen Lieferungen von Lehrmaterialien das uneingeschr\u00e4nkte Eigentum bis zur vollst\u00e4ndigen Erf\u00fcllung s\u00e4mtlicher Zahlungsverpflichtungen durch den Kunden vor. Die Weitergabe an Dritte, also an Personen, die weder Arbeitskollegen oder Mitarbeiter des Kunden sind, oder \u00f6ffentliche Verbreitung oder Zug\u00e4nglichmachung von Lehrgangsunterlagen oder Lehrmaterialien ist nicht zugelassen. Insbesondere die Ver\u00f6ffentlichung von Audio- oder Videodaten, digitalen Pr\u00e4sentationen oder Skripten in \u00f6ffentlich zug\u00e4nglichen Internetportalen (Sharing) ist untersagt.<\/p>\n<h4 class=\"standard\">Foto- und Videoaufnahmen<\/h4>\n<p>Bei einigen Veranstaltungen kann es zur Aufnahme der Teilnehmer auf Fotos oder Videos kommen. Bitte beachten Sie, dass diese Aufnahmen zu Werbezwecken von uns verwendet werden k\u00f6nnen.<\/p>\n<p>Sollten die Aufnahmen zu Werbezwecken verwendet werden, holen wir Ihr Einverst\u00e4ndnis in der Veranstaltung gesondert ein.<\/p>\n<h4 class=\"standard\">K\u00fcndigungsbedingungen<\/h4>\n<p class=\"standard\">Der Veranstalter und der Teilnehmer haben das Recht, diesen Vertrag jederzeit aus wichtigem Grund zu k\u00fcndigen. Vertragsschluss ist der Tag der Vertragsunterzeichnung.<\/p>\n<h4 class=\"standard markerBlau\">Widerrufsbelehrung und Widerrufsrecht<\/h4>\n<p class=\"standard markerBlau\">Sie haben das Recht, binnen vierzehn Tagen ohne Angabe von Gr\u00fcnden diesen Vertrag zu widerrufen. Die Widerrufsfrist betr\u00e4gt vierzehn Tage ab dem Tag, an dem Sie oder ein von Ihnen benannter Dritter, das erste Fernlehrmaterial in Besitz genommen haben bzw. hat. Um Ihr Widerrufsrecht auszu\u00fcben, m\u00fcssen Sie uns mittels einer eindeutigen Erkl\u00e4rung (z. B. ein mit der Post versandter Brief, Telefax oder E-Mail) \u00fcber Ihren Entschluss, diesen Vertrag zu widerrufen, informieren. Sie k\u00f6nnen daf\u00fcr das Muster-Widerrufsformular verwenden, das Sie <a href=\"http:\/\/drawmybusiness.de\/wp-content\/uploads\/2018\/02\/Musterwiderrufsformular.pdf\" target=\"_blank\" rel=\"noopener noreferrer\">hier<\/a> herunterladen k\u00f6nnen. Dies ist jedoch nicht vorgeschrieben. Zur Wahrung der Widerrufsfrist reicht es aus, dass Sie die Mitteilung \u00fcber die Aus\u00fcbung des Widerrufsrechts vor Ablauf der Widerrufsfrist absenden. Der Widerruf ist zu richten an: Draw my Business &#8211; Institut f\u00fcr Digitalisierung &amp; Digital Storytelling, Dipl.-Ing. Anabel Derlam, Jakob-Weitz-Str. 24, 41472 Neuss, <a href=\"mailto:Info@draw-my-business.de\">Info@draw-my-business.de<\/a><\/p>\n<h4 class=\"standard markerBlau\">Widerrufsfolgen<\/h4>\n<p class=\"standard markerBlau\">Wenn Sie diesen Vertrag widerrufen, haben wir Ihnen alle Zahlungen, die wir von Ihnen erhalten haben, einschlie\u00dflich der Lieferkosten (mit Ausnahme der zus\u00e4tzlichen Kosten, die sich daraus ergeben, dass Sie eine andere Art der Lieferung als die von uns angebotene, g\u00fcnstigste Standardlieferung gew\u00e4hlt haben), unverz\u00fcglich und sp\u00e4testens binnen vierzehn Tagen ab dem Tag zur\u00fcckzuzahlen, an dem die Mitteilung \u00fcber Ihren Widerruf dieses Vertrags bei uns eingegangen ist. F\u00fcr diese R\u00fcckzahlung verwenden wir dasselbe Zahlungsmittel, das Sie bei der urspr\u00fcnglichen Transaktion eingesetzt haben, es sei denn, mit Ihnen wurde ausdr\u00fccklich etwas anderes vereinbart; in keinem Fall werden Ihnen wegen dieser R\u00fcckzahlung Entgelte berechnet. Wir k\u00f6nnen die R\u00fcckzahlung verweigern, bis wir die Waren wieder zur\u00fcckerhalten haben oder bis Sie den Nachweis erbracht haben, dass Sie die Waren zur\u00fcckgesandt haben, je nachdem, welches der fr\u00fchere Zeitpunkt ist. Sie haben die Waren unverz\u00fcglich und in jedem Fall sp\u00e4testens binnen vierzehn Tagen ab dem Tag, an dem Sie uns \u00fcber den Widerruf dieses Vertrags unterrichten, an uns zur\u00fcckzusenden oder zu \u00fcbergeben. Die Frist ist gewahrt, wenn Sie die Waren vor Ablauf der Frist von vierzehn Tagen absenden. Sie tragen die unmittelbaren Kosten der R\u00fccksendung der Waren.<\/p>\n<h4 class=\"standard\">Leistungsinhalte bei Veranstaltungen<\/h4>\n<p class=\"standard\">Die jeweils angegebenen Teilnahmegeb\u00fchren bei Pr\u00e4senzveranstaltungen beinhalten, soweit nicht anders angegeben,<\/p>\n<ul class=\"standard\">\n<li>ein gemeinsames Mittagessen pro vollem Seminartag,<\/li>\n<li>Pausensnacks bei Halbtagesseminaren,<\/li>\n<li>Pausengetr\u00e4nke und<\/li>\n<li>umfangreiche Arbeitsunterlagen.<\/li>\n<\/ul>\n<p>\u00a0<\/p>\n<h4 class=\"standard\">Haftung<\/h4>\n<p>Die Website des Instituts enth\u00e4lt Links zu Webseiten Dritter. Das Institut stellt diese Links als zus\u00e4tzlichen Service bzw. aus Gef\u00e4lligkeit zur Verf\u00fcgung. Das Institut hathat keine Einflussm\u00f6glichkeiten auf Inhalte der verlinkten Webseiten von Drittanbietern. Daher haftet das Institut nicht f\u00fcr die Richtigkeit, Aktualit\u00e4t und Vollst\u00e4ndigkeit der dort gemachten Angaben. Des Weiteren distanziert sich das Institut ausdr\u00fccklich vom Inhalt aller verlinkten Seiten. F\u00fcr die Funktionsf\u00e4higkeit und\/oder Richtigkeit der Seiten oder darauf angebotenen Daten, Dienst- oder Werkleistungen \u00fcbernimmt das Institut keine Gew\u00e4hrleistung und haftet unter keinen Umst\u00e4nden f\u00fcr Sch\u00e4den bzw. Folgesch\u00e4den oder irgendeiner Art von Verlusten, die mittelbar oder unmittelbar hervorgerufen werden durch den Betrieb, den Nicht-Betrieb, den Gebrauch oder die Verwendung in irgendeiner Form. Das Institut macht darauf aufmerksam, dass vertragliche Beziehungen zu Drittanbietern ausschlie\u00dflich nach deren Gesch\u00e4ftsbedingungen zu Stande kommen.<\/p>\n<h4 class=\"standard\">Datenschutz\/Datenspeicherung<\/h4>\n<p>Hinweis nach \u00a7 33 BDSG: Die Speicherung und Verarbeitung der Kundendaten erfolgt unter strikter Beachtung des Bundesdatenschutzgesetzes durch das Institut, von uns beauftragten neutralen Dienstleistern und befreundeten Unternehmen.<\/p>\n<p>Unsere aktuelle Datenschutzvereinbarung unter Ber\u00fccksichtigung der DSGVO k\u00f6nnen Sie <a href=\"http:\/\/drawmybusiness.de\/en\/?page_id=1179\" target=\"_blank\" rel=\"noopener noreferrer\">hier<\/a>\u00a0 (http:\/\/drawmybusiness.de\/?page_id=1179) abrufen.<\/p>\n<h4 class=\"standard\">Schlussbestimmungen<\/h4>\n<p>Die rechtsgesch\u00e4ftliche Durchf\u00fchrung (Abrechnung etc.) erfolgt durch Draw my Business &#8211; Institut f\u00fcr Digitalisierung &amp; Digital Storytelling, Dipl.-Ing. Anabel Derlam m eigenen Namen<\/p>\n<p class=\"standard\">Commerzbank<br \/>BIC DRESDEFF300<br \/>IBAN\u00a0DE88300800000181567200<\/p>\n<p class=\"standard\"><strong>Erf\u00fcllungsort und Gerichtsstand<\/strong>\u00a0ist Neuss.<\/p>\n<p>Draw my Business &#8211;<br \/>Institute for Digitalization &amp; Digital Storytelling GmbH<br \/>Dipl.-Ing. Anabel Derlam<br \/>Freiberufliche Dozentin<br \/>Jakob-Weitz-Str. 24<\/p>\n<p>41472 Neuss<\/p>\n<p>\u00a0<\/p>\n<\/div>\n<\/div>\n<\/div>","protected":false},"excerpt":{"rendered":"<p>Allgemeine Gesch\u00e4ftsbedingungen Draw my Business &#8211; Insitut f\u00fcr Digitalisierung &amp; Digital Storytelling GmbH(Im Folgenden &#8222;Institut&#8220; genannt) Anmeldung Bitte melden Sie sich online \u00fcber unsere Website an. Falls Sie nicht den Warenkorb unserer Website oder die von uns vorbereiteten Formulare verwenden, geben Sie uns bitte unbedingt den Namen des Teilnehmers und die vollst\u00e4ndige Firmenanschrift bzw. Rechnungsanschrift [&#8230;]\n","protected":false},"author":1,"featured_media":0,"parent":0,"menu_order":0,"comment_status":"closed","ping_status":"closed","template":"","meta":{"jetpack_post_was_ever_published":false,"two_page_speed":[],"footnotes":""},"class_list":["post-1171","page","type-page","status-publish","hentry"],"jetpack_sharing_enabled":true,"jetpack_shortlink":"https:\/\/wp.me\/PaKa6d-iT","_links":{"self":[{"href":"https:\/\/drawmybusiness.de\/en\/wp-json\/wp\/v2\/pages\/1171","targetHints":{"allow":["GET"]}}],"collection":[{"href":"https:\/\/drawmybusiness.de\/en\/wp-json\/wp\/v2\/pages"}],"about":[{"href":"https:\/\/drawmybusiness.de\/en\/wp-json\/wp\/v2\/types\/page"}],"author":[{"embeddable":true,"href":"https:\/\/drawmybusiness.de\/en\/wp-json\/wp\/v2\/users\/1"}],"replies":[{"embeddable":true,"href":"https:\/\/drawmybusiness.de\/en\/wp-json\/wp\/v2\/comments?post=1171"}],"version-history":[{"count":24,"href":"https:\/\/drawmybusiness.de\/en\/wp-json\/wp\/v2\/pages\/1171\/revisions"}],"predecessor-version":[{"id":2773,"href":"https:\/\/drawmybusiness.de\/en\/wp-json\/wp\/v2\/pages\/1171\/revisions\/2773"}],"wp:attachment":[{"href":"https:\/\/drawmybusiness.de\/en\/wp-json\/wp\/v2\/media?parent=1171"}],"curies":[{"name":"wp","href":"https:\/\/api.w.org\/{rel}","templated":true}]}}